{"id":1605,"date":"2017-07-05T16:41:44","date_gmt":"2017-07-05T16:41:44","guid":{"rendered":"http:\/\/www.blogdelflorista.es\/?page_id=1605"},"modified":"2017-07-05T16:43:54","modified_gmt":"2017-07-05T16:43:54","slug":"prensa-ano-2017","status":"publish","type":"page","link":"https:\/\/www.blogdelflorista.es\/index.php\/prensa-ano-2017\/","title":{"rendered":"Prensa A\u00f1o 2017"},"content":{"rendered":"<p>Relaci\u00f3n de noticias &#8211; reportajes sobre Flores El Cal\u00e9 publicados en los medios de comunicaci\u00f3n en el a\u00f1o 2017<\/p>\n","protected":false},"excerpt":{"rendered":"<p>Relaci\u00f3n de noticias &#8211; reportajes sobre Flores El Cal\u00e9 publicados en los medios de comunicaci\u00f3n en el a\u00f1o 2017<\/p>\n","protected":false},"author":1,"featured_media":0,"parent":0,"menu_order":0,"comment_status":"closed","ping_status":"closed","template":"","meta":{"_mi_skip_tracking":false},"_links":{"self":[{"href":"https:\/\/www.blogdelflorista.es\/index.php\/wp-json\/wp\/v2\/pages\/1605"}],"collection":[{"href":"https:\/\/www.blogdelflorista.es\/index.php\/wp-json\/wp\/v2\/pages"}],"about":[{"href":"https:\/\/www.blogdelflorista.es\/index.php\/wp-json\/wp\/v2\/types\/page"}],"author":[{"embeddable":true,"href":"https:\/\/www.blogdelflorista.es\/index.php\/wp-json\/wp\/v2\/users\/1"}],"replies":[{"embeddable":true,"href":"https:\/\/www.blogdelflorista.es\/index.php\/wp-json\/wp\/v2\/comments?post=1605"}],"version-history":[{"count":3,"href":"https:\/\/www.blogdelflorista.es\/index.php\/wp-json\/wp\/v2\/pages\/1605\/revisions"}],"predecessor-version":[{"id":1612,"href":"https:\/\/www.blogdelflorista.es\/index.php\/wp-json\/wp\/v2\/pages\/1605\/revisions\/1612"}],"wp:attachment":[{"href":"https:\/\/www.blogdelflorista.es\/index.php\/wp-json\/wp\/v2\/media?parent=1605"}],"curies":[{"name":"wp","href":"https:\/\/api.w.org\/{rel}","templated":true}]}}