{"id":1620,"date":"2017-07-06T08:03:07","date_gmt":"2017-07-06T08:03:07","guid":{"rendered":"http:\/\/www.blogdelflorista.es\/?page_id=1620"},"modified":"2017-07-06T08:03:07","modified_gmt":"2017-07-06T08:03:07","slug":"reportaje-clip-no-113","status":"publish","type":"page","link":"https:\/\/www.blogdelflorista.es\/index.php\/reportaje-clip-no-113\/","title":{"rendered":"Reportaje Clip n\u00ba 113"},"content":{"rendered":"<p>Aqu\u00ed os mostramos dos reportajes publicados en la revista Clip flores y m\u00e1s n\u00ba 113 (marzo-abril 2017).-<\/p>\n<ul>\n<li>Segunda entrega de la secci\u00f3n \u201cLas flores por su nombre\u201d, publicada por la revista Clip flores y m\u00e1s, con la colaboraci\u00f3n del Departamento de Comunicaci\u00f3n de Flores El Cal\u00e9. Este art\u00edculo se titula \u201cFreesias, ran\u00fanculos y kentias\u201d; pod\u00e9is verlo en las p\u00e1ginas 14, 15 y 16 de Clip n\u00ba 113.<\/li>\n<\/ul>\n<p><a href=\"http:\/\/www.blogdelflorista.es\/wp-content\/uploads\/2017\/07\/p\u00e1g14-clip113-freesia....jpg\"><img loading=\"lazy\" class=\"aligncenter size-large wp-image-1621\" src=\"http:\/\/www.blogdelflorista.es\/wp-content\/uploads\/2017\/07\/p\u00e1g14-clip113-freesia...-724x1024.jpg\" alt=\"\" width=\"604\" height=\"854\" srcset=\"https:\/\/www.blogdelflorista.es\/wp-content\/uploads\/2017\/07\/p\u00e1g14-clip113-freesia...-724x1024.jpg 724w, https:\/\/www.blogdelflorista.es\/wp-content\/uploads\/2017\/07\/p\u00e1g14-clip113-freesia...-212x300.jpg 212w, https:\/\/www.blogdelflorista.es\/wp-content\/uploads\/2017\/07\/p\u00e1g14-clip113-freesia...-768x1087.jpg 768w\" sizes=\"(max-width: 604px) 100vw, 604px\" \/><\/a><\/p>\n<p><a href=\"http:\/\/www.blogdelflorista.es\/wp-content\/uploads\/2017\/07\/p\u00e1g15-clip113-freesia....jpg\"><img loading=\"lazy\" class=\"aligncenter size-large wp-image-1622\" src=\"http:\/\/www.blogdelflorista.es\/wp-content\/uploads\/2017\/07\/p\u00e1g15-clip113-freesia...-724x1024.jpg\" alt=\"\" width=\"604\" height=\"854\" srcset=\"https:\/\/www.blogdelflorista.es\/wp-content\/uploads\/2017\/07\/p\u00e1g15-clip113-freesia...-724x1024.jpg 724w, https:\/\/www.blogdelflorista.es\/wp-content\/uploads\/2017\/07\/p\u00e1g15-clip113-freesia...-212x300.jpg 212w, https:\/\/www.blogdelflorista.es\/wp-content\/uploads\/2017\/07\/p\u00e1g15-clip113-freesia...-768x1087.jpg 768w\" sizes=\"(max-width: 604px) 100vw, 604px\" \/><\/a><\/p>\n<ul>\n<li><a href=\"http:\/\/www.blogdelflorista.es\/wp-content\/uploads\/2017\/07\/y-p\u00e1g16-clip113-freesia....jpg\"><img loading=\"lazy\" class=\"aligncenter size-large wp-image-1623\" src=\"http:\/\/www.blogdelflorista.es\/wp-content\/uploads\/2017\/07\/y-p\u00e1g16-clip113-freesia...-724x1024.jpg\" alt=\"\" width=\"604\" height=\"854\" srcset=\"https:\/\/www.blogdelflorista.es\/wp-content\/uploads\/2017\/07\/y-p\u00e1g16-clip113-freesia...-724x1024.jpg 724w, https:\/\/www.blogdelflorista.es\/wp-content\/uploads\/2017\/07\/y-p\u00e1g16-clip113-freesia...-212x300.jpg 212w, https:\/\/www.blogdelflorista.es\/wp-content\/uploads\/2017\/07\/y-p\u00e1g16-clip113-freesia...-768x1087.jpg 768w\" sizes=\"(max-width: 604px) 100vw, 604px\" \/><\/a>Art\u00edculo \u00abCoaching Floral, by Sergi Gonz\u00e1lez\u00bb; en p\u00e1gina 96 de Clip n\u00ba 113.<\/li>\n<\/ul>\n<p><a href=\"http:\/\/www.blogdelflorista.es\/wp-content\/uploads\/2017\/07\/p\u00e1g.96-clip113-coaching.jpg\"><img loading=\"lazy\" class=\"aligncenter size-large wp-image-1624\" src=\"http:\/\/www.blogdelflorista.es\/wp-content\/uploads\/2017\/07\/p\u00e1g.96-clip113-coaching-724x1024.jpg\" alt=\"\" width=\"604\" height=\"854\" srcset=\"https:\/\/www.blogdelflorista.es\/wp-content\/uploads\/2017\/07\/p\u00e1g.96-clip113-coaching-724x1024.jpg 724w, https:\/\/www.blogdelflorista.es\/wp-content\/uploads\/2017\/07\/p\u00e1g.96-clip113-coaching-212x300.jpg 212w, https:\/\/www.blogdelflorista.es\/wp-content\/uploads\/2017\/07\/p\u00e1g.96-clip113-coaching-768x1087.jpg 768w\" sizes=\"(max-width: 604px) 100vw, 604px\" \/><\/a><\/p>\n","protected":false},"excerpt":{"rendered":"<p>Aqu\u00ed os mostramos dos reportajes publicados en la revista Clip flores y m\u00e1s n\u00ba 113 (marzo-abril 2017).- Segunda entrega de la secci\u00f3n \u201cLas flores por su nombre\u201d, publicada por la revista Clip flores y m\u00e1s, con la colaboraci\u00f3n del Departamento de Comunicaci\u00f3n de Flores El Cal\u00e9. Este art\u00edculo se titula \u201cFreesias, ran\u00fanculos y kentias\u201d; pod\u00e9is &hellip; <a href=\"https:\/\/www.blogdelflorista.es\/index.php\/reportaje-clip-no-113\/\" class=\"more-link\">Seguir leyendo <span class=\"screen-reader-text\">Reportaje Clip n\u00ba 113<\/span> <span class=\"meta-nav\">&rarr;<\/span><\/a><\/p>\n","protected":false},"author":1,"featured_media":0,"parent":0,"menu_order":0,"comment_status":"closed","ping_status":"closed","template":"","meta":{"_mi_skip_tracking":false},"_links":{"self":[{"href":"https:\/\/www.blogdelflorista.es\/index.php\/wp-json\/wp\/v2\/pages\/1620"}],"collection":[{"href":"https:\/\/www.blogdelflorista.es\/index.php\/wp-json\/wp\/v2\/pages"}],"about":[{"href":"https:\/\/www.blogdelflorista.es\/index.php\/wp-json\/wp\/v2\/types\/page"}],"author":[{"embeddable":true,"href":"https:\/\/www.blogdelflorista.es\/index.php\/wp-json\/wp\/v2\/users\/1"}],"replies":[{"embeddable":true,"href":"https:\/\/www.blogdelflorista.es\/index.php\/wp-json\/wp\/v2\/comments?post=1620"}],"version-history":[{"count":1,"href":"https:\/\/www.blogdelflorista.es\/index.php\/wp-json\/wp\/v2\/pages\/1620\/revisions"}],"predecessor-version":[{"id":1625,"href":"https:\/\/www.blogdelflorista.es\/index.php\/wp-json\/wp\/v2\/pages\/1620\/revisions\/1625"}],"wp:attachment":[{"href":"https:\/\/www.blogdelflorista.es\/index.php\/wp-json\/wp\/v2\/media?parent=1620"}],"curies":[{"name":"wp","href":"https:\/\/api.w.org\/{rel}","templated":true}]}}