{"id":1634,"date":"2017-07-06T08:58:52","date_gmt":"2017-07-06T08:58:52","guid":{"rendered":"http:\/\/www.blogdelflorista.es\/?page_id=1634"},"modified":"2017-07-11T14:48:36","modified_gmt":"2017-07-11T14:48:36","slug":"reportaje-clip-no-115","status":"publish","type":"page","link":"https:\/\/www.blogdelflorista.es\/index.php\/reportaje-clip-no-115\/","title":{"rendered":"Reportaje Clip n\u00ba 115"},"content":{"rendered":"<p>Aqu\u00ed os mostramos dos reportajes publicados en la <a href=\"http:\/\/www.dcm.revistaclip.es\/index.php\/haz-tu-suscripcion\/revista-clip-dcm-gratuito\" target=\"_blank\" rel=\"noopener noreferrer\">revista Clip flores y m\u00e1s<\/a> n\u00ba 115 (julio-agosto 2017).-<\/p>\n<ul>\n<li>Cuarta entrega de la secci\u00f3n \u201cLas flores por su nombre\u201d, publicada por la revista Clip flores y m\u00e1s, con la colaboraci\u00f3n del Departamento de Comunicaci\u00f3n de Flores El Cal\u00e9. Este art\u00edculo se titula \u201cRosas de jard\u00edn y Zamioculcas\u201d; pod\u00e9is verlo en las p\u00e1ginas 8, 9 y 10 de la revista Clip flores y m\u00e1s n\u00ba 115 (julio-agosto 2017).<\/li>\n<\/ul>\n<p><a href=\"http:\/\/www.blogdelflorista.es\/wp-content\/uploads\/2017\/07\/OK-recort.-p\u00e1g.8-CLIP115.jpg\"><img loading=\"lazy\" class=\"aligncenter size-large wp-image-1635\" src=\"http:\/\/www.blogdelflorista.es\/wp-content\/uploads\/2017\/07\/OK-recort.-p\u00e1g.8-CLIP115-716x1024.jpg\" alt=\"\" width=\"604\" height=\"864\" srcset=\"https:\/\/www.blogdelflorista.es\/wp-content\/uploads\/2017\/07\/OK-recort.-p\u00e1g.8-CLIP115-716x1024.jpg 716w, https:\/\/www.blogdelflorista.es\/wp-content\/uploads\/2017\/07\/OK-recort.-p\u00e1g.8-CLIP115-210x300.jpg 210w, https:\/\/www.blogdelflorista.es\/wp-content\/uploads\/2017\/07\/OK-recort.-p\u00e1g.8-CLIP115-768x1099.jpg 768w, https:\/\/www.blogdelflorista.es\/wp-content\/uploads\/2017\/07\/OK-recort.-p\u00e1g.8-CLIP115.jpg 789w\" sizes=\"(max-width: 604px) 100vw, 604px\" \/><\/a><\/p>\n<p><a href=\"http:\/\/www.blogdelflorista.es\/wp-content\/uploads\/2017\/07\/OK-recort.-p\u00e1g.9-CLIP115.jpg\"><img loading=\"lazy\" class=\"aligncenter size-large wp-image-1636\" src=\"http:\/\/www.blogdelflorista.es\/wp-content\/uploads\/2017\/07\/OK-recort.-p\u00e1g.9-CLIP115-718x1024.jpg\" alt=\"\" width=\"604\" height=\"861\" srcset=\"https:\/\/www.blogdelflorista.es\/wp-content\/uploads\/2017\/07\/OK-recort.-p\u00e1g.9-CLIP115-718x1024.jpg 718w, https:\/\/www.blogdelflorista.es\/wp-content\/uploads\/2017\/07\/OK-recort.-p\u00e1g.9-CLIP115-210x300.jpg 210w, https:\/\/www.blogdelflorista.es\/wp-content\/uploads\/2017\/07\/OK-recort.-p\u00e1g.9-CLIP115-768x1095.jpg 768w, https:\/\/www.blogdelflorista.es\/wp-content\/uploads\/2017\/07\/OK-recort.-p\u00e1g.9-CLIP115.jpg 789w\" sizes=\"(max-width: 604px) 100vw, 604px\" \/><\/a><\/p>\n<p><a href=\"http:\/\/www.blogdelflorista.es\/wp-content\/uploads\/2017\/07\/OK-recort.-y-p\u00e1g.10-CLIP115.jpg\"><img loading=\"lazy\" class=\"aligncenter size-large wp-image-1637\" src=\"http:\/\/www.blogdelflorista.es\/wp-content\/uploads\/2017\/07\/OK-recort.-y-p\u00e1g.10-CLIP115-718x1024.jpg\" alt=\"\" width=\"604\" height=\"861\" srcset=\"https:\/\/www.blogdelflorista.es\/wp-content\/uploads\/2017\/07\/OK-recort.-y-p\u00e1g.10-CLIP115-718x1024.jpg 718w, https:\/\/www.blogdelflorista.es\/wp-content\/uploads\/2017\/07\/OK-recort.-y-p\u00e1g.10-CLIP115-210x300.jpg 210w, https:\/\/www.blogdelflorista.es\/wp-content\/uploads\/2017\/07\/OK-recort.-y-p\u00e1g.10-CLIP115-768x1095.jpg 768w, https:\/\/www.blogdelflorista.es\/wp-content\/uploads\/2017\/07\/OK-recort.-y-p\u00e1g.10-CLIP115.jpg 789w\" sizes=\"(max-width: 604px) 100vw, 604px\" \/><\/a><\/p>\n<ul>\n<li>Art\u00edculo \u00abFlores El Cal\u00e9 en Ecuador\u00bb, publicado en la p\u00e1gina 96 de la revista Clip flores y m\u00e1s n\u00ba 115 (julio-agosto 2017). Reportaje de la participaci\u00f3n de Flores El Cal\u00e9 en la VI Macrorrueda de Negocios Ecuador 2017 y visitas a fincas de importantes cultivadores de flor cortada en Ecuador.<\/li>\n<\/ul>\n<p>&nbsp;<\/p>\n<p><a href=\"http:\/\/www.blogdelflorista.es\/wp-content\/uploads\/2017\/07\/baja-p\u00e1g.-96-CLIP115.jpg\"><img loading=\"lazy\" class=\"aligncenter size-large wp-image-1659\" src=\"http:\/\/www.blogdelflorista.es\/wp-content\/uploads\/2017\/07\/baja-p\u00e1g.-96-CLIP115-724x1024.jpg\" alt=\"\" width=\"604\" height=\"854\" srcset=\"https:\/\/www.blogdelflorista.es\/wp-content\/uploads\/2017\/07\/baja-p\u00e1g.-96-CLIP115-724x1024.jpg 724w, https:\/\/www.blogdelflorista.es\/wp-content\/uploads\/2017\/07\/baja-p\u00e1g.-96-CLIP115-212x300.jpg 212w, https:\/\/www.blogdelflorista.es\/wp-content\/uploads\/2017\/07\/baja-p\u00e1g.-96-CLIP115-768x1086.jpg 768w, https:\/\/www.blogdelflorista.es\/wp-content\/uploads\/2017\/07\/baja-p\u00e1g.-96-CLIP115.jpg 1061w\" sizes=\"(max-width: 604px) 100vw, 604px\" \/><\/a><\/p>\n","protected":false},"excerpt":{"rendered":"<p>Aqu\u00ed os mostramos dos reportajes publicados en la revista Clip flores y m\u00e1s n\u00ba 115 (julio-agosto 2017).- Cuarta entrega de la secci\u00f3n \u201cLas flores por su nombre\u201d, publicada por la revista Clip flores y m\u00e1s, con la colaboraci\u00f3n del Departamento de Comunicaci\u00f3n de Flores El Cal\u00e9. Este art\u00edculo se titula \u201cRosas de jard\u00edn y Zamioculcas\u201d; &hellip; <a href=\"https:\/\/www.blogdelflorista.es\/index.php\/reportaje-clip-no-115\/\" class=\"more-link\">Seguir leyendo <span class=\"screen-reader-text\">Reportaje Clip n\u00ba 115<\/span> <span class=\"meta-nav\">&rarr;<\/span><\/a><\/p>\n","protected":false},"author":1,"featured_media":0,"parent":0,"menu_order":0,"comment_status":"closed","ping_status":"closed","template":"","meta":{"_mi_skip_tracking":false},"_links":{"self":[{"href":"https:\/\/www.blogdelflorista.es\/index.php\/wp-json\/wp\/v2\/pages\/1634"}],"collection":[{"href":"https:\/\/www.blogdelflorista.es\/index.php\/wp-json\/wp\/v2\/pages"}],"about":[{"href":"https:\/\/www.blogdelflorista.es\/index.php\/wp-json\/wp\/v2\/types\/page"}],"author":[{"embeddable":true,"href":"https:\/\/www.blogdelflorista.es\/index.php\/wp-json\/wp\/v2\/users\/1"}],"replies":[{"embeddable":true,"href":"https:\/\/www.blogdelflorista.es\/index.php\/wp-json\/wp\/v2\/comments?post=1634"}],"version-history":[{"count":3,"href":"https:\/\/www.blogdelflorista.es\/index.php\/wp-json\/wp\/v2\/pages\/1634\/revisions"}],"predecessor-version":[{"id":1661,"href":"https:\/\/www.blogdelflorista.es\/index.php\/wp-json\/wp\/v2\/pages\/1634\/revisions\/1661"}],"wp:attachment":[{"href":"https:\/\/www.blogdelflorista.es\/index.php\/wp-json\/wp\/v2\/media?parent=1634"}],"curies":[{"name":"wp","href":"https:\/\/api.w.org\/{rel}","templated":true}]}}