{"id":1869,"date":"2017-10-28T09:49:41","date_gmt":"2017-10-28T09:49:41","guid":{"rendered":"http:\/\/www.blogdelflorista.es\/?page_id=1869"},"modified":"2017-10-28T17:51:08","modified_gmt":"2017-10-28T17:51:08","slug":"reportaje-clip-no-116","status":"publish","type":"page","link":"https:\/\/www.blogdelflorista.es\/index.php\/reportaje-clip-no-116\/","title":{"rendered":"Reportaje Clip n\u00ba 116"},"content":{"rendered":"<p>&nbsp;<\/p>\n<p>Aqu\u00ed os mostraremos los reportajes publicados en la revista <a href=\"http:\/\/www.dcm.revistaclip.es\/index.php\/haz-tu-suscripcion\/revista-clip-dcm-gratuito\" target=\"_blank\" rel=\"noopener noreferrer\">Clip flores y m\u00e1s<\/a> n\u00ba 116 (septiembre &#8211; octubre 2017).-<\/p>\n<ul>\n<li>Quinta entrega de la secci\u00f3n \u201cLas flores por su nombre\u201d, publicada por la revista Clip flores y m\u00e1s, con la colaboraci\u00f3n del Departamento de Comunicaci\u00f3n de Flores El Cal\u00e9. Este art\u00edculo se titula \u201cHypericum sp. y Cyclamen persicum\u201d; pod\u00e9is verlo en las p\u00e1ginas 18, 19 y 20 de la revista Clip flores y m\u00e1s n\u00ba 116 (septiembre-octubre 2017).<\/li>\n<\/ul>\n<p><a href=\"http:\/\/www.blogdelflorista.es\/wp-content\/uploads\/2017\/10\/clip1.png\"><img loading=\"lazy\" class=\"aligncenter size-full wp-image-1878\" src=\"http:\/\/www.blogdelflorista.es\/wp-content\/uploads\/2017\/10\/clip1.png\" alt=\"\" width=\"543\" height=\"804\" srcset=\"https:\/\/www.blogdelflorista.es\/wp-content\/uploads\/2017\/10\/clip1.png 543w, https:\/\/www.blogdelflorista.es\/wp-content\/uploads\/2017\/10\/clip1-203x300.png 203w\" sizes=\"(max-width: 543px) 100vw, 543px\" \/><\/a><\/p>\n<p><a href=\"http:\/\/www.blogdelflorista.es\/wp-content\/uploads\/2017\/10\/clip2.png\"><img loading=\"lazy\" class=\"aligncenter size-full wp-image-1880\" src=\"http:\/\/www.blogdelflorista.es\/wp-content\/uploads\/2017\/10\/clip2.png\" alt=\"\" width=\"543\" height=\"804\" srcset=\"https:\/\/www.blogdelflorista.es\/wp-content\/uploads\/2017\/10\/clip2.png 543w, https:\/\/www.blogdelflorista.es\/wp-content\/uploads\/2017\/10\/clip2-203x300.png 203w\" sizes=\"(max-width: 543px) 100vw, 543px\" \/><\/a><\/p>\n<p><a href=\"http:\/\/www.blogdelflorista.es\/wp-content\/uploads\/2017\/10\/clip3.png\"><img loading=\"lazy\" class=\"aligncenter size-full wp-image-1881\" src=\"http:\/\/www.blogdelflorista.es\/wp-content\/uploads\/2017\/10\/clip3.png\" alt=\"\" width=\"543\" height=\"804\" srcset=\"https:\/\/www.blogdelflorista.es\/wp-content\/uploads\/2017\/10\/clip3.png 543w, https:\/\/www.blogdelflorista.es\/wp-content\/uploads\/2017\/10\/clip3-203x300.png 203w\" sizes=\"(max-width: 543px) 100vw, 543px\" \/><\/a><\/p>\n<ul>\n<li>Art\u00edculo \u201cCurso de Sergi Gonz\u00e1lez\u201d, publicado en las p\u00e1ginas 92 y 93 de la revista Clip flores y m\u00e1s n\u00ba 116 (septiembre-octubre 2017). Reportaje de la II edici\u00f3n de Coaching Floral, a cargo de Sergi Gonz\u00e1lez, que en esta ocasi\u00f3n\u00a0 ten\u00eda lugar en el almac\u00e9n de Flores El Cal\u00e9 en Mercavalencia los pasados 4 y 5 de septiembre.<\/li>\n<\/ul>\n<p><a href=\"http:\/\/www.blogdelflorista.es\/wp-content\/uploads\/2017\/10\/clip-116-p\u00e1g.-92.png\"><img loading=\"lazy\" class=\"aligncenter size-large wp-image-1861\" src=\"http:\/\/www.blogdelflorista.es\/wp-content\/uploads\/2017\/10\/clip-116-p\u00e1g.-92-724x1024.png\" alt=\"\" width=\"604\" height=\"854\" srcset=\"https:\/\/www.blogdelflorista.es\/wp-content\/uploads\/2017\/10\/clip-116-p\u00e1g.-92-724x1024.png 724w, https:\/\/www.blogdelflorista.es\/wp-content\/uploads\/2017\/10\/clip-116-p\u00e1g.-92-212x300.png 212w, https:\/\/www.blogdelflorista.es\/wp-content\/uploads\/2017\/10\/clip-116-p\u00e1g.-92-768x1086.png 768w, https:\/\/www.blogdelflorista.es\/wp-content\/uploads\/2017\/10\/clip-116-p\u00e1g.-92.png 794w\" sizes=\"(max-width: 604px) 100vw, 604px\" \/><\/a><\/p>\n<p><a href=\"http:\/\/www.blogdelflorista.es\/wp-content\/uploads\/2017\/10\/clip-116-p\u00e1g.-93.png\"><img loading=\"lazy\" class=\"aligncenter size-large wp-image-1862\" src=\"http:\/\/www.blogdelflorista.es\/wp-content\/uploads\/2017\/10\/clip-116-p\u00e1g.-93-725x1024.png\" alt=\"\" width=\"604\" height=\"853\" srcset=\"https:\/\/www.blogdelflorista.es\/wp-content\/uploads\/2017\/10\/clip-116-p\u00e1g.-93-725x1024.png 725w, https:\/\/www.blogdelflorista.es\/wp-content\/uploads\/2017\/10\/clip-116-p\u00e1g.-93-212x300.png 212w, https:\/\/www.blogdelflorista.es\/wp-content\/uploads\/2017\/10\/clip-116-p\u00e1g.-93-768x1085.png 768w, https:\/\/www.blogdelflorista.es\/wp-content\/uploads\/2017\/10\/clip-116-p\u00e1g.-93.png 795w\" sizes=\"(max-width: 604px) 100vw, 604px\" \/><\/a><\/p>\n<ul>\n<li>Art\u00edculo \u201cFlores El Cal\u00e9 visita a sus proveedores\u201d, publicado en la p\u00e1gina 94 de la revista Clip flores y m\u00e1s n\u00ba 116 (septiembre-octubre 2017). Reportaje de las visitas que peri\u00f3dicamente realiza Flores El Cal\u00e9 a sus proveedores, tanto nacionales, como de Ecuador, Colombia, Holanda,&#8230;<\/li>\n<\/ul>\n<p><a href=\"http:\/\/www.blogdelflorista.es\/wp-content\/uploads\/2017\/10\/clip-116-p\u00e1g.-94.png\"><img loading=\"lazy\" class=\"aligncenter size-large wp-image-1863\" src=\"http:\/\/www.blogdelflorista.es\/wp-content\/uploads\/2017\/10\/clip-116-p\u00e1g.-94-724x1024.png\" alt=\"\" width=\"604\" height=\"854\" srcset=\"https:\/\/www.blogdelflorista.es\/wp-content\/uploads\/2017\/10\/clip-116-p\u00e1g.-94-724x1024.png 724w, https:\/\/www.blogdelflorista.es\/wp-content\/uploads\/2017\/10\/clip-116-p\u00e1g.-94-212x300.png 212w, https:\/\/www.blogdelflorista.es\/wp-content\/uploads\/2017\/10\/clip-116-p\u00e1g.-94-768x1086.png 768w, https:\/\/www.blogdelflorista.es\/wp-content\/uploads\/2017\/10\/clip-116-p\u00e1g.-94.png 794w\" sizes=\"(max-width: 604px) 100vw, 604px\" \/><\/a><\/p>\n","protected":false},"excerpt":{"rendered":"<p>&nbsp; Aqu\u00ed os mostraremos los reportajes publicados en la revista Clip flores y m\u00e1s n\u00ba 116 (septiembre &#8211; octubre 2017).- Quinta entrega de la secci\u00f3n \u201cLas flores por su nombre\u201d, publicada por la revista Clip flores y m\u00e1s, con la colaboraci\u00f3n del Departamento de Comunicaci\u00f3n de Flores El Cal\u00e9. Este art\u00edculo se titula \u201cHypericum sp. &hellip; <a href=\"https:\/\/www.blogdelflorista.es\/index.php\/reportaje-clip-no-116\/\" class=\"more-link\">Seguir leyendo <span class=\"screen-reader-text\">Reportaje Clip n\u00ba 116<\/span> <span class=\"meta-nav\">&rarr;<\/span><\/a><\/p>\n","protected":false},"author":1,"featured_media":0,"parent":0,"menu_order":0,"comment_status":"closed","ping_status":"closed","template":"","meta":{"_mi_skip_tracking":false},"_links":{"self":[{"href":"https:\/\/www.blogdelflorista.es\/index.php\/wp-json\/wp\/v2\/pages\/1869"}],"collection":[{"href":"https:\/\/www.blogdelflorista.es\/index.php\/wp-json\/wp\/v2\/pages"}],"about":[{"href":"https:\/\/www.blogdelflorista.es\/index.php\/wp-json\/wp\/v2\/types\/page"}],"author":[{"embeddable":true,"href":"https:\/\/www.blogdelflorista.es\/index.php\/wp-json\/wp\/v2\/users\/1"}],"replies":[{"embeddable":true,"href":"https:\/\/www.blogdelflorista.es\/index.php\/wp-json\/wp\/v2\/comments?post=1869"}],"version-history":[{"count":10,"href":"https:\/\/www.blogdelflorista.es\/index.php\/wp-json\/wp\/v2\/pages\/1869\/revisions"}],"predecessor-version":[{"id":1879,"href":"https:\/\/www.blogdelflorista.es\/index.php\/wp-json\/wp\/v2\/pages\/1869\/revisions\/1879"}],"wp:attachment":[{"href":"https:\/\/www.blogdelflorista.es\/index.php\/wp-json\/wp\/v2\/media?parent=1869"}],"curies":[{"name":"wp","href":"https:\/\/api.w.org\/{rel}","templated":true}]}}