{"id":1917,"date":"2017-12-19T17:37:57","date_gmt":"2017-12-19T17:37:57","guid":{"rendered":"http:\/\/www.blogdelflorista.es\/?page_id=1917"},"modified":"2017-12-19T17:37:57","modified_gmt":"2017-12-19T17:37:57","slug":"reportaje-clip-no-117","status":"publish","type":"page","link":"https:\/\/www.blogdelflorista.es\/index.php\/reportaje-clip-no-117\/","title":{"rendered":"Reportaje Clip n\u00ba 117"},"content":{"rendered":"<p>Aqu\u00ed os mostramos los reportajes publicados en la revista\u00a0<a href=\"http:\/\/www.dcm.revistaclip.es\/index.php\/haz-tu-suscripcion\/revista-clip-dcm-gratuito\" target=\"_blank\" rel=\"noopener noreferrer\">Clip flores y m\u00e1s<\/a>\u00a0n\u00ba 117 (noviembre &#8211; diciembre 2017).-<\/p>\n<ul>\n<li>6\u00aa entrega de la secci\u00f3n \u201cLas flores por su nombre\u201d, publicada por la revista Clip flores y m\u00e1s, con la colaboraci\u00f3n del Departamento de Comunicaci\u00f3n de Flores El Cal\u00e9. Este art\u00edculo se titula \u201cScabiosa y plantas suculentas\u201d; pod\u00e9is verlo en las p\u00e1ginas 8, 9 y 10 de la revista Clip flores y m\u00e1s n\u00ba 117 (noviembre-diciembre 2017).<\/li>\n<\/ul>\n<p><a href=\"http:\/\/www.blogdelflorista.es\/wp-content\/uploads\/2017\/12\/clip-117-p\u00e1g.-8.jpg\"><img loading=\"lazy\" class=\"aligncenter size-large wp-image-1919\" src=\"http:\/\/www.blogdelflorista.es\/wp-content\/uploads\/2017\/12\/clip-117-p\u00e1g.-8-724x1024.jpg\" alt=\"\" width=\"604\" height=\"854\" srcset=\"https:\/\/www.blogdelflorista.es\/wp-content\/uploads\/2017\/12\/clip-117-p\u00e1g.-8-724x1024.jpg 724w, https:\/\/www.blogdelflorista.es\/wp-content\/uploads\/2017\/12\/clip-117-p\u00e1g.-8-212x300.jpg 212w, https:\/\/www.blogdelflorista.es\/wp-content\/uploads\/2017\/12\/clip-117-p\u00e1g.-8-768x1086.jpg 768w, https:\/\/www.blogdelflorista.es\/wp-content\/uploads\/2017\/12\/clip-117-p\u00e1g.-8.jpg 794w\" sizes=\"(max-width: 604px) 100vw, 604px\" \/><\/a><\/p>\n<p><a href=\"http:\/\/www.blogdelflorista.es\/wp-content\/uploads\/2017\/12\/clip-117-p\u00e1g.-9.jpg\"><img loading=\"lazy\" class=\"aligncenter size-large wp-image-1920\" src=\"http:\/\/www.blogdelflorista.es\/wp-content\/uploads\/2017\/12\/clip-117-p\u00e1g.-9-725x1024.jpg\" alt=\"\" width=\"604\" height=\"853\" srcset=\"https:\/\/www.blogdelflorista.es\/wp-content\/uploads\/2017\/12\/clip-117-p\u00e1g.-9-725x1024.jpg 725w, https:\/\/www.blogdelflorista.es\/wp-content\/uploads\/2017\/12\/clip-117-p\u00e1g.-9-212x300.jpg 212w, https:\/\/www.blogdelflorista.es\/wp-content\/uploads\/2017\/12\/clip-117-p\u00e1g.-9-768x1085.jpg 768w, https:\/\/www.blogdelflorista.es\/wp-content\/uploads\/2017\/12\/clip-117-p\u00e1g.-9.jpg 795w\" sizes=\"(max-width: 604px) 100vw, 604px\" \/><\/a><\/p>\n<p><a href=\"http:\/\/www.blogdelflorista.es\/wp-content\/uploads\/2017\/12\/clip-117-p\u00e1g.-10.jpg\"><img loading=\"lazy\" class=\"aligncenter size-large wp-image-1921\" src=\"http:\/\/www.blogdelflorista.es\/wp-content\/uploads\/2017\/12\/clip-117-p\u00e1g.-10-724x1024.jpg\" alt=\"\" width=\"604\" height=\"854\" srcset=\"https:\/\/www.blogdelflorista.es\/wp-content\/uploads\/2017\/12\/clip-117-p\u00e1g.-10-724x1024.jpg 724w, https:\/\/www.blogdelflorista.es\/wp-content\/uploads\/2017\/12\/clip-117-p\u00e1g.-10-212x300.jpg 212w, https:\/\/www.blogdelflorista.es\/wp-content\/uploads\/2017\/12\/clip-117-p\u00e1g.-10-768x1086.jpg 768w, https:\/\/www.blogdelflorista.es\/wp-content\/uploads\/2017\/12\/clip-117-p\u00e1g.-10.jpg 794w\" sizes=\"(max-width: 604px) 100vw, 604px\" \/><\/a><\/p>\n<ul>\n<li>Art\u00edculo\u00a0\u201cActividad formativa en Flores El Cal\u00e9\u201d. Pod\u00e9is verlo en la p\u00e1gina 82 de la revista Clip flores y m\u00e1s n\u00ba 117 (noviembre-diciembre 2017).<\/li>\n<\/ul>\n<p><a href=\"http:\/\/www.blogdelflorista.es\/wp-content\/uploads\/2017\/12\/clip-117-p\u00e1g.-82.jpg\"><img loading=\"lazy\" class=\"aligncenter size-large wp-image-1922\" src=\"http:\/\/www.blogdelflorista.es\/wp-content\/uploads\/2017\/12\/clip-117-p\u00e1g.-82-724x1024.jpg\" alt=\"\" width=\"604\" height=\"854\" srcset=\"https:\/\/www.blogdelflorista.es\/wp-content\/uploads\/2017\/12\/clip-117-p\u00e1g.-82-724x1024.jpg 724w, https:\/\/www.blogdelflorista.es\/wp-content\/uploads\/2017\/12\/clip-117-p\u00e1g.-82-212x300.jpg 212w, https:\/\/www.blogdelflorista.es\/wp-content\/uploads\/2017\/12\/clip-117-p\u00e1g.-82-768x1086.jpg 768w, https:\/\/www.blogdelflorista.es\/wp-content\/uploads\/2017\/12\/clip-117-p\u00e1g.-82.jpg 794w\" sizes=\"(max-width: 604px) 100vw, 604px\" \/><\/a><\/p>\n<p>&nbsp;<\/p>\n","protected":false},"excerpt":{"rendered":"<p>Aqu\u00ed os mostramos los reportajes publicados en la revista\u00a0Clip flores y m\u00e1s\u00a0n\u00ba 117 (noviembre &#8211; diciembre 2017).- 6\u00aa entrega de la secci\u00f3n \u201cLas flores por su nombre\u201d, publicada por la revista Clip flores y m\u00e1s, con la colaboraci\u00f3n del Departamento de Comunicaci\u00f3n de Flores El Cal\u00e9. Este art\u00edculo se titula \u201cScabiosa y plantas suculentas\u201d; pod\u00e9is &hellip; <a href=\"https:\/\/www.blogdelflorista.es\/index.php\/reportaje-clip-no-117\/\" class=\"more-link\">Seguir leyendo <span class=\"screen-reader-text\">Reportaje Clip n\u00ba 117<\/span> <span class=\"meta-nav\">&rarr;<\/span><\/a><\/p>\n","protected":false},"author":1,"featured_media":0,"parent":0,"menu_order":0,"comment_status":"closed","ping_status":"closed","template":"","meta":{"_mi_skip_tracking":false},"_links":{"self":[{"href":"https:\/\/www.blogdelflorista.es\/index.php\/wp-json\/wp\/v2\/pages\/1917"}],"collection":[{"href":"https:\/\/www.blogdelflorista.es\/index.php\/wp-json\/wp\/v2\/pages"}],"about":[{"href":"https:\/\/www.blogdelflorista.es\/index.php\/wp-json\/wp\/v2\/types\/page"}],"author":[{"embeddable":true,"href":"https:\/\/www.blogdelflorista.es\/index.php\/wp-json\/wp\/v2\/users\/1"}],"replies":[{"embeddable":true,"href":"https:\/\/www.blogdelflorista.es\/index.php\/wp-json\/wp\/v2\/comments?post=1917"}],"version-history":[{"count":3,"href":"https:\/\/www.blogdelflorista.es\/index.php\/wp-json\/wp\/v2\/pages\/1917\/revisions"}],"predecessor-version":[{"id":1924,"href":"https:\/\/www.blogdelflorista.es\/index.php\/wp-json\/wp\/v2\/pages\/1917\/revisions\/1924"}],"wp:attachment":[{"href":"https:\/\/www.blogdelflorista.es\/index.php\/wp-json\/wp\/v2\/media?parent=1917"}],"curies":[{"name":"wp","href":"https:\/\/api.w.org\/{rel}","templated":true}]}}