{"id":2016,"date":"2018-02-06T15:59:52","date_gmt":"2018-02-06T15:59:52","guid":{"rendered":"http:\/\/www.blogdelflorista.es\/?page_id=2016"},"modified":"2018-02-06T15:59:52","modified_gmt":"2018-02-06T15:59:52","slug":"prensa-ano-2018","status":"publish","type":"page","link":"https:\/\/www.blogdelflorista.es\/index.php\/prensa-ano-2018\/","title":{"rendered":"Prensa A\u00f1o 2018"},"content":{"rendered":"<p>Relaci\u00f3n de noticias \u2013 reportajes sobre Flores El Cal\u00e9 publicados en los medios de comunicaci\u00f3n en el a\u00f1o 2018<\/p>\n","protected":false},"excerpt":{"rendered":"<p>Relaci\u00f3n de noticias \u2013 reportajes sobre Flores El Cal\u00e9 publicados en los medios de comunicaci\u00f3n en el a\u00f1o 2018<\/p>\n","protected":false},"author":1,"featured_media":0,"parent":0,"menu_order":0,"comment_status":"closed","ping_status":"closed","template":"","meta":{"_mi_skip_tracking":false},"_links":{"self":[{"href":"https:\/\/www.blogdelflorista.es\/index.php\/wp-json\/wp\/v2\/pages\/2016"}],"collection":[{"href":"https:\/\/www.blogdelflorista.es\/index.php\/wp-json\/wp\/v2\/pages"}],"about":[{"href":"https:\/\/www.blogdelflorista.es\/index.php\/wp-json\/wp\/v2\/types\/page"}],"author":[{"embeddable":true,"href":"https:\/\/www.blogdelflorista.es\/index.php\/wp-json\/wp\/v2\/users\/1"}],"replies":[{"embeddable":true,"href":"https:\/\/www.blogdelflorista.es\/index.php\/wp-json\/wp\/v2\/comments?post=2016"}],"version-history":[{"count":2,"href":"https:\/\/www.blogdelflorista.es\/index.php\/wp-json\/wp\/v2\/pages\/2016\/revisions"}],"predecessor-version":[{"id":2018,"href":"https:\/\/www.blogdelflorista.es\/index.php\/wp-json\/wp\/v2\/pages\/2016\/revisions\/2018"}],"wp:attachment":[{"href":"https:\/\/www.blogdelflorista.es\/index.php\/wp-json\/wp\/v2\/media?parent=2016"}],"curies":[{"name":"wp","href":"https:\/\/api.w.org\/{rel}","templated":true}]}}