{"id":2027,"date":"2018-02-06T16:19:37","date_gmt":"2018-02-06T16:19:37","guid":{"rendered":"http:\/\/www.blogdelflorista.es\/?page_id=2027"},"modified":"2018-02-06T16:21:18","modified_gmt":"2018-02-06T16:21:18","slug":"reportaje-clip-no-118","status":"publish","type":"page","link":"https:\/\/www.blogdelflorista.es\/index.php\/reportaje-clip-no-118\/","title":{"rendered":"Reportaje Clip n\u00ba 118"},"content":{"rendered":"<p>Aqu\u00ed os mostramos los reportajes publicados en la revista\u00a0<a href=\"http:\/\/www.dcm.revistaclip.es\/index.php\/haz-tu-suscripcion\/revista-clip-dcm-gratuito\" target=\"_blank\" rel=\"noopener noreferrer\">Clip flores y m\u00e1s<\/a>\u00a0n\u00ba 118 (enero-febrero 2018).-<\/p>\n<ul>\n<li>7\u00aa entrega de la secci\u00f3n \u201cLas flores por su nombre\u201d, publicada por la revista Clip flores y m\u00e1s, con la colaboraci\u00f3n del Departamento de Comunicaci\u00f3n de Flores El Cal\u00e9. Este art\u00edculo se titula \u201cCamelia y Azalea\u201d; pod\u00e9is verlo en las p\u00e1ginas 30 y 31 de la revista Clip flores y m\u00e1s n\u00ba 118 (enero-febrero 2018) y tambi\u00e9n a continuaci\u00f3n.<\/li>\n<\/ul>\n<p><a href=\"http:\/\/www.blogdelflorista.es\/wp-content\/uploads\/2018\/02\/clip118-p\u00e1g.30.jpg\"><img loading=\"lazy\" class=\"aligncenter size-full wp-image-2021\" src=\"http:\/\/www.blogdelflorista.es\/wp-content\/uploads\/2018\/02\/clip118-p\u00e1g.30.jpg\" alt=\"\" width=\"595\" height=\"842\" srcset=\"https:\/\/www.blogdelflorista.es\/wp-content\/uploads\/2018\/02\/clip118-p\u00e1g.30.jpg 595w, https:\/\/www.blogdelflorista.es\/wp-content\/uploads\/2018\/02\/clip118-p\u00e1g.30-212x300.jpg 212w\" sizes=\"(max-width: 595px) 100vw, 595px\" \/><\/a><\/p>\n<p><a href=\"http:\/\/www.blogdelflorista.es\/wp-content\/uploads\/2018\/02\/clip118-p\u00e1g.31.jpg\"><img loading=\"lazy\" class=\"aligncenter size-full wp-image-2022\" src=\"http:\/\/www.blogdelflorista.es\/wp-content\/uploads\/2018\/02\/clip118-p\u00e1g.31.jpg\" alt=\"\" width=\"596\" height=\"842\" srcset=\"https:\/\/www.blogdelflorista.es\/wp-content\/uploads\/2018\/02\/clip118-p\u00e1g.31.jpg 596w, https:\/\/www.blogdelflorista.es\/wp-content\/uploads\/2018\/02\/clip118-p\u00e1g.31-212x300.jpg 212w\" sizes=\"(max-width: 596px) 100vw, 596px\" \/><\/a><\/p>\n<ul>\n<li>Art\u00edculo\u00a0\u201cFlores El Cal\u00e9 &#8211; Repartos en Madrid y zona centro\u00bb. Pod\u00e9is verlo en la p\u00e1gina 97 de la revista Clip flores y m\u00e1s n\u00ba 118 (enero-febrero 2018) y tambi\u00e9n a continuaci\u00f3n.<\/li>\n<\/ul>\n<p><a href=\"http:\/\/www.blogdelflorista.es\/wp-content\/uploads\/2018\/02\/clip118-p\u00e1g.97.jpg\"><img loading=\"lazy\" class=\"aligncenter size-full wp-image-2023\" src=\"http:\/\/www.blogdelflorista.es\/wp-content\/uploads\/2018\/02\/clip118-p\u00e1g.97.jpg\" alt=\"\" width=\"596\" height=\"842\" srcset=\"https:\/\/www.blogdelflorista.es\/wp-content\/uploads\/2018\/02\/clip118-p\u00e1g.97.jpg 596w, https:\/\/www.blogdelflorista.es\/wp-content\/uploads\/2018\/02\/clip118-p\u00e1g.97-212x300.jpg 212w\" sizes=\"(max-width: 596px) 100vw, 596px\" \/><\/a><\/p>\n","protected":false},"excerpt":{"rendered":"<p>Aqu\u00ed os mostramos los reportajes publicados en la revista\u00a0Clip flores y m\u00e1s\u00a0n\u00ba 118 (enero-febrero 2018).- 7\u00aa entrega de la secci\u00f3n \u201cLas flores por su nombre\u201d, publicada por la revista Clip flores y m\u00e1s, con la colaboraci\u00f3n del Departamento de Comunicaci\u00f3n de Flores El Cal\u00e9. Este art\u00edculo se titula \u201cCamelia y Azalea\u201d; pod\u00e9is verlo en las &hellip; <a href=\"https:\/\/www.blogdelflorista.es\/index.php\/reportaje-clip-no-118\/\" class=\"more-link\">Seguir leyendo <span class=\"screen-reader-text\">Reportaje Clip n\u00ba 118<\/span> <span class=\"meta-nav\">&rarr;<\/span><\/a><\/p>\n","protected":false},"author":1,"featured_media":0,"parent":0,"menu_order":0,"comment_status":"closed","ping_status":"closed","template":"","meta":{"_mi_skip_tracking":false},"_links":{"self":[{"href":"https:\/\/www.blogdelflorista.es\/index.php\/wp-json\/wp\/v2\/pages\/2027"}],"collection":[{"href":"https:\/\/www.blogdelflorista.es\/index.php\/wp-json\/wp\/v2\/pages"}],"about":[{"href":"https:\/\/www.blogdelflorista.es\/index.php\/wp-json\/wp\/v2\/types\/page"}],"author":[{"embeddable":true,"href":"https:\/\/www.blogdelflorista.es\/index.php\/wp-json\/wp\/v2\/users\/1"}],"replies":[{"embeddable":true,"href":"https:\/\/www.blogdelflorista.es\/index.php\/wp-json\/wp\/v2\/comments?post=2027"}],"version-history":[{"count":3,"href":"https:\/\/www.blogdelflorista.es\/index.php\/wp-json\/wp\/v2\/pages\/2027\/revisions"}],"predecessor-version":[{"id":2031,"href":"https:\/\/www.blogdelflorista.es\/index.php\/wp-json\/wp\/v2\/pages\/2027\/revisions\/2031"}],"wp:attachment":[{"href":"https:\/\/www.blogdelflorista.es\/index.php\/wp-json\/wp\/v2\/media?parent=2027"}],"curies":[{"name":"wp","href":"https:\/\/api.w.org\/{rel}","templated":true}]}}