{"id":24,"date":"2015-05-11T13:07:05","date_gmt":"2015-05-11T13:07:05","guid":{"rendered":"http:\/\/www.blogdelflorista.es\/?page_id=24"},"modified":"2017-07-11T14:54:47","modified_gmt":"2017-07-11T14:54:47","slug":"nuestra-web","status":"publish","type":"page","link":"https:\/\/www.blogdelflorista.es\/index.php\/nuestra-web\/","title":{"rendered":"Nuestra Web www.floreselcale.es"},"content":{"rendered":"<p><a href=\"https:\/\/www.floreselcale.es\/\" target=\"_blank\" rel=\"noopener noreferrer\">https:\/\/www.floreselcale.es\/<\/a><\/p>\n<p><a href=\"http:\/\/www.floreselcale.es\/\" target=\"_blank\" rel=\"noopener noreferrer\"><img loading=\"lazy\" class=\"aligncenter wp-image-1650 size-full\" src=\"http:\/\/www.blogdelflorista.es\/wp-content\/uploads\/2015\/05\/captura-12-4-17-sin-portes-gratuitos.jpg\" alt=\"\" width=\"979\" height=\"613\" srcset=\"https:\/\/www.blogdelflorista.es\/wp-content\/uploads\/2015\/05\/captura-12-4-17-sin-portes-gratuitos.jpg 979w, https:\/\/www.blogdelflorista.es\/wp-content\/uploads\/2015\/05\/captura-12-4-17-sin-portes-gratuitos-300x188.jpg 300w, https:\/\/www.blogdelflorista.es\/wp-content\/uploads\/2015\/05\/captura-12-4-17-sin-portes-gratuitos-768x481.jpg 768w\" sizes=\"(max-width: 979px) 100vw, 979px\" \/><\/a><\/p>\n<p>Siempre atenta a las necesidades del cliente, en su \u00faltima etapa la empresa ha potenciado su p\u00e1gina web para adaptarla a las necesidades de sus clientes.<\/p>\n<p>La web es muy intuitiva y f\u00e1cil de manejar. Los art\u00edculos est\u00e1n clasificados por familias y ordenados alfab\u00e9ticamente; y tambi\u00e9n existe un buscador para facilitar las consultas.<\/p>\n<p>En la web, el cliente puede escoger entre la completa variedad de flores y verdes nacionales o importados que semanalmente son incorporados a su stock. Adem\u00e1s, podemos conseguir para nuestro cliente cualquier flor \/ verde de corte, siempre que en ese momento exista producci\u00f3n en alg\u00fan lugar del mundo; este aspecto es importante si se quiere reservar un tipo muy concreto de flor para una fecha determinada, una boda por ejemplo.<\/p>\n<p>Cada semana la flor disponible en stock es nueva, reci\u00e9n comprada.<\/p>\n<p>Todos estos aspectos, unidos a los vol\u00famenes y frecuencia de compra con las que trabajamos, hacen que podamos disponer de precios muy competitivos.<\/p>\n<p>Nuestra oferta incluye un amplio surtido de complementos -somos distribuidores de la marca Oasis\u00ae para toda Espa\u00f1a-. As\u00ed como plantas naturales, flor liofilizada y otros art\u00edculos para florister\u00eda.<\/p>\n<p>Existen fotos de cada referencia, para ayudar al cliente en su elecci\u00f3n. Por otra parte, el florista puede utilizar estas im\u00e1genes para ense\u00f1ar a su propio cliente ya que, si no introduce contrase\u00f1a, no aparecer\u00e1n los precios.<\/p>\n<p>Destacar la zona del pedido destinada a Observaciones, en la que el cliente puede indicar cualquier comentario que considere interesante. Estos comentarios nos ayudan a mejorar en nuestro trabajo y atender cualquier detalle importante para el cliente.<\/p>\n","protected":false},"excerpt":{"rendered":"<p>https:\/\/www.floreselcale.es\/ Siempre atenta a las necesidades del cliente, en su \u00faltima etapa la empresa ha potenciado su p\u00e1gina web para adaptarla a las necesidades de sus clientes. La web es muy intuitiva y f\u00e1cil de manejar. Los art\u00edculos est\u00e1n clasificados por familias y ordenados alfab\u00e9ticamente; y tambi\u00e9n existe un buscador para facilitar las consultas. En &hellip; <a href=\"https:\/\/www.blogdelflorista.es\/index.php\/nuestra-web\/\" class=\"more-link\">Seguir leyendo <span class=\"screen-reader-text\">Nuestra Web www.floreselcale.es<\/span> <span class=\"meta-nav\">&rarr;<\/span><\/a><\/p>\n","protected":false},"author":1,"featured_media":0,"parent":0,"menu_order":0,"comment_status":"open","ping_status":"closed","template":"","meta":{"_mi_skip_tracking":false},"_links":{"self":[{"href":"https:\/\/www.blogdelflorista.es\/index.php\/wp-json\/wp\/v2\/pages\/24"}],"collection":[{"href":"https:\/\/www.blogdelflorista.es\/index.php\/wp-json\/wp\/v2\/pages"}],"about":[{"href":"https:\/\/www.blogdelflorista.es\/index.php\/wp-json\/wp\/v2\/types\/page"}],"author":[{"embeddable":true,"href":"https:\/\/www.blogdelflorista.es\/index.php\/wp-json\/wp\/v2\/users\/1"}],"replies":[{"embeddable":true,"href":"https:\/\/www.blogdelflorista.es\/index.php\/wp-json\/wp\/v2\/comments?post=24"}],"version-history":[{"count":7,"href":"https:\/\/www.blogdelflorista.es\/index.php\/wp-json\/wp\/v2\/pages\/24\/revisions"}],"predecessor-version":[{"id":1663,"href":"https:\/\/www.blogdelflorista.es\/index.php\/wp-json\/wp\/v2\/pages\/24\/revisions\/1663"}],"wp:attachment":[{"href":"https:\/\/www.blogdelflorista.es\/index.php\/wp-json\/wp\/v2\/media?parent=24"}],"curies":[{"name":"wp","href":"https:\/\/api.w.org\/{rel}","templated":true}]}}