{"id":2766,"date":"2019-06-24T11:03:39","date_gmt":"2019-06-24T11:03:39","guid":{"rendered":"http:\/\/www.blogdelflorista.es\/?page_id=2766"},"modified":"2022-10-18T08:46:15","modified_gmt":"2022-10-18T08:46:15","slug":"noticia-prueba","status":"publish","type":"page","link":"https:\/\/www.blogdelflorista.es\/","title":{"rendered":""},"content":{"rendered":"\t\t<div data-elementor-type=\"wp-page\" data-elementor-id=\"2766\" class=\"elementor elementor-2766\" data-elementor-settings=\"[]\">\n\t\t\t\t\t\t<div class=\"elementor-inner\">\n\t\t\t\t\t\t\t<div class=\"elementor-section-wrap\">\n\t\t\t\t\t\t\t<section class=\"elementor-section elementor-top-section elementor-element elementor-element-b304f3 elementor-section-boxed elementor-section-height-default elementor-section-height-default\" data-id=\"b304f3\" data-element_type=\"section\">\n\t\t\t\t\t\t<div class=\"elementor-container elementor-column-gap-default\">\n\t\t\t\t\t\t\t<div class=\"elementor-row\">\n\t\t\t\t\t<div class=\"elementor-column elementor-col-100 elementor-top-column elementor-element elementor-element-5074875\" data-id=\"5074875\" data-element_type=\"column\">\n\t\t\t<div class=\"elementor-column-wrap elementor-element-populated\">\n\t\t\t\t\t\t\t<div class=\"elementor-widget-wrap\">\n\t\t\t\t\t\t<div class=\"elementor-element elementor-element-3f02e11 elementor-widget elementor-widget-heading\" data-id=\"3f02e11\" data-element_type=\"widget\" data-widget_type=\"heading.default\">\n\t\t\t\t<div class=\"elementor-widget-container\">\n\t\t\t<h1 class=\"elementor-heading-title elementor-size-default\"><a href=\"https:\/\/www.blogdelflorista.es\/index.php\/2022\/10\/14\/acompananos-en-nuestro-paso-por-iberflora-2022\/\">ACOMP\u00c1\u00d1ANOS EN NUESTRO PASO POR IBERFLORA 2022<\/a><\/h1>\t\t<\/div>\n\t\t\t\t<\/div>\n\t\t\t\t<div class=\"elementor-element elementor-element-36e6ab62 elementor-widget elementor-widget-text-editor\" data-id=\"36e6ab62\" data-element_type=\"widget\" data-widget_type=\"text-editor.default\">\n\t\t\t\t<div class=\"elementor-widget-container\">\n\t\t\t\t\t<div class=\"elementor-text-editor elementor-clearfix\"><\/div>\n\t\t\t\t<\/div>\n\t\t\t\t<\/div>\n\t\t\t\t\t\t<\/div>\n\t\t\t\t\t<\/div>\n\t\t<\/div>\n\t\t\t\t\t\t\t\t<\/div>\n\t\t\t\t\t<\/div>\n\t\t<\/section>\n\t\t\t\t<section class=\"elementor-section elementor-top-section elementor-element elementor-element-743c019 elementor-section-boxed elementor-section-height-default elementor-section-height-default\" data-id=\"743c019\" data-element_type=\"section\">\n\t\t\t\t\t\t<div class=\"elementor-container elementor-column-gap-default\">\n\t\t\t\t\t\t\t<div class=\"elementor-row\">\n\t\t\t\t\t<div class=\"elementor-column elementor-col-100 elementor-top-column elementor-element elementor-element-49f1b00\" data-id=\"49f1b00\" data-element_type=\"column\">\n\t\t\t<div class=\"elementor-column-wrap elementor-element-populated\">\n\t\t\t\t\t\t\t<div class=\"elementor-widget-wrap\">\n\t\t\t\t\t\t<div class=\"elementor-element elementor-element-33643c1 elementor-widget elementor-widget-image\" data-id=\"33643c1\" data-element_type=\"widget\" data-widget_type=\"image.default\">\n\t\t\t\t<div class=\"elementor-widget-container\">\n\t\t\t\t\t<div class=\"elementor-image\">\n\t\t\t\t\t\t\t\t\t\t\t<a href=\"https:\/\/www.blogdelflorista.es\/index.php\/2022\/10\/14\/acompananos-en-nuestro-paso-por-iberflora-2022\/\">\n\t\t\t\t\t\t\t<img width=\"474\" height=\"366\" src=\"https:\/\/www.blogdelflorista.es\/wp-content\/uploads\/2022\/10\/WhatsApp-Image-2022-10-18-at-9.21.11-AM-1.jpeg\" class=\"attachment-large size-large\" alt=\"\" loading=\"lazy\" srcset=\"https:\/\/www.blogdelflorista.es\/wp-content\/uploads\/2022\/10\/WhatsApp-Image-2022-10-18-at-9.21.11-AM-1.jpeg 1024w, https:\/\/www.blogdelflorista.es\/wp-content\/uploads\/2022\/10\/WhatsApp-Image-2022-10-18-at-9.21.11-AM-1-300x232.jpeg 300w, https:\/\/www.blogdelflorista.es\/wp-content\/uploads\/2022\/10\/WhatsApp-Image-2022-10-18-at-9.21.11-AM-1-768x593.jpeg 768w\" sizes=\"(max-width: 474px) 100vw, 474px\" \/>\t\t\t\t\t\t\t\t<\/a>\n\t\t\t\t\t\t\t\t\t\t\t<\/div>\n\t\t\t\t<\/div>\n\t\t\t\t<\/div>\n\t\t\t\t\t\t<\/div>\n\t\t\t\t\t<\/div>\n\t\t<\/div>\n\t\t\t\t\t\t\t\t<\/div>\n\t\t\t\t\t<\/div>\n\t\t<\/section>\n\t\t\t\t<section class=\"elementor-section elementor-top-section elementor-element elementor-element-f979598 elementor-section-boxed elementor-section-height-default elementor-section-height-default\" data-id=\"f979598\" data-element_type=\"section\">\n\t\t\t\t\t\t<div class=\"elementor-container elementor-column-gap-default\">\n\t\t\t\t\t\t\t<div class=\"elementor-row\">\n\t\t\t\t\t<div class=\"elementor-column elementor-col-100 elementor-top-column elementor-element elementor-element-b58a069\" data-id=\"b58a069\" data-element_type=\"column\">\n\t\t\t<div class=\"elementor-column-wrap elementor-element-populated\">\n\t\t\t\t\t\t\t<div class=\"elementor-widget-wrap\">\n\t\t\t\t\t\t<div class=\"elementor-element elementor-element-1c4da4a elementor-widget elementor-widget-text-editor\" data-id=\"1c4da4a\" data-element_type=\"widget\" data-widget_type=\"text-editor.default\">\n\t\t\t\t<div class=\"elementor-widget-container\">\n\t\t\t\t\t<div class=\"elementor-text-editor elementor-clearfix\"><p style=\"font-family: Roboto, sans-serif; font-size: 16px; font-style: normal; font-weight: 400;\"><a style=\"font-size: 16px;\" href=\"https:\/\/www.blogdelflorista.es\/index.php\/2022\/06\/14\/flores-preservadas-en-tu-evento-mas-especial\/\" target=\"_blank\" rel=\"noopener\">Aq<\/a><a href=\"https:\/\/www.blogdelflorista.es\/index.php\/2022\/10\/14\/acompananos-en-nuestro-paso-por-iberflora-2022\/\">u\u00ed<\/a><a style=\"font-size: 16px;\" href=\"https:\/\/www.blogdelflorista.es\/index.php\/2022\/06\/14\/flores-preservadas-en-tu-evento-mas-especial\/\" target=\"_blank\" rel=\"noopener\">&nbsp;<\/a>os dejamos nuestra \u00faltima entrada, un art\u00edculo donde os hablamos sobre todo lo que vivimos en Iberflora este a\u00f1o. Una edici\u00f3n muy especial donde disfrutamos mucho.&nbsp;<\/p>\n<p style=\"font-family: Roboto, sans-serif; font-size: 16px; font-style: normal; font-weight: 400;\">Esperemos que os guste y os anim\u00e9is el a\u00f1o que viene a venir a la feria referente del sector floral.&nbsp;<\/p><\/div>\n\t\t\t\t<\/div>\n\t\t\t\t<\/div>\n\t\t\t\t\t\t<\/div>\n\t\t\t\t\t<\/div>\n\t\t<\/div>\n\t\t\t\t\t\t\t\t<\/div>\n\t\t\t\t\t<\/div>\n\t\t<\/section>\n\t\t\t\t\t\t<\/div>\n\t\t\t\t\t\t<\/div>\n\t\t\t\t\t<\/div>\n\t\t","protected":false},"excerpt":{"rendered":"<p>ACOMP\u00c1\u00d1ANOS EN NUESTRO PASO POR IBERFLORA 2022 Aqu\u00ed&nbsp;os dejamos nuestra \u00faltima entrada, un art\u00edculo donde os hablamos sobre todo lo que vivimos en Iberflora este a\u00f1o. Una edici\u00f3n muy especial donde disfrutamos mucho.&nbsp; Esperemos que os guste y os anim\u00e9is el a\u00f1o que viene a venir a la feria referente del sector floral.&nbsp;<\/p>\n","protected":false},"author":1,"featured_media":0,"parent":21,"menu_order":0,"comment_status":"closed","ping_status":"closed","template":"","meta":{"_mi_skip_tracking":false},"_links":{"self":[{"href":"https:\/\/www.blogdelflorista.es\/index.php\/wp-json\/wp\/v2\/pages\/2766"}],"collection":[{"href":"https:\/\/www.blogdelflorista.es\/index.php\/wp-json\/wp\/v2\/pages"}],"about":[{"href":"https:\/\/www.blogdelflorista.es\/index.php\/wp-json\/wp\/v2\/types\/page"}],"author":[{"embeddable":true,"href":"https:\/\/www.blogdelflorista.es\/index.php\/wp-json\/wp\/v2\/users\/1"}],"replies":[{"embeddable":true,"href":"https:\/\/www.blogdelflorista.es\/index.php\/wp-json\/wp\/v2\/comments?post=2766"}],"version-history":[{"count":83,"href":"https:\/\/www.blogdelflorista.es\/index.php\/wp-json\/wp\/v2\/pages\/2766\/revisions"}],"predecessor-version":[{"id":3592,"href":"https:\/\/www.blogdelflorista.es\/index.php\/wp-json\/wp\/v2\/pages\/2766\/revisions\/3592"}],"up":[{"embeddable":true,"href":"https:\/\/www.blogdelflorista.es\/index.php\/wp-json\/wp\/v2\/pages\/21"}],"wp:attachment":[{"href":"https:\/\/www.blogdelflorista.es\/index.php\/wp-json\/wp\/v2\/media?parent=2766"}],"curies":[{"name":"wp","href":"https:\/\/api.w.org\/{rel}","templated":true}]}}