{"id":28,"date":"2015-05-11T13:10:04","date_gmt":"2015-05-11T13:10:04","guid":{"rendered":"http:\/\/www.blogdelflorista.es\/?page_id=28"},"modified":"2017-07-19T14:55:34","modified_gmt":"2017-07-19T14:55:34","slug":"los-proveedores","status":"publish","type":"page","link":"https:\/\/www.blogdelflorista.es\/index.php\/los-proveedores\/","title":{"rendered":"Los proveedores"},"content":{"rendered":"<p>&nbsp;<\/p>\n<p>En Flores El Cal\u00e9 compramos flores y verdes de la mejor calidad. Es la premisa para conseguir la m\u00e1xima duraci\u00f3n y que la flor evolucione proporcionando la mayor satisfacci\u00f3n a todos los componentes de la cadena, incluido el consumidor final.<\/p>\n<p>En el inicio del proceso, apostamos por los mejores productores, que cortan la flor en su \u00f3ptimo punto de corte y le dan todos los cuidados que necesita (flores en agua con conservante floral; mantenimiento de la cadena del fr\u00edo; y m\u00ednimo tiempo entre el corte y el env\u00edo al cliente).<\/p>\n<div id='gallery-1' class='gallery galleryid-28 gallery-columns-2 gallery-size-medium'><figure class='gallery-item'>\n\t\t\t<div class='gallery-icon portrait'>\n\t\t\t\t<a href='https:\/\/www.blogdelflorista.es\/index.php\/los-proveedores\/sam_6779-preparacion-rosas-recien-llegadas-1-copia-baja-3\/'><img width=\"291\" height=\"300\" src=\"https:\/\/www.blogdelflorista.es\/wp-content\/uploads\/2015\/05\/SAM_6779-preparaci\u00f3n-rosas-reci\u00e9n-llegadas-1-copia-BAJA2-291x300.jpg\" class=\"attachment-medium size-medium\" alt=\"\" loading=\"lazy\" srcset=\"https:\/\/www.blogdelflorista.es\/wp-content\/uploads\/2015\/05\/SAM_6779-preparaci\u00f3n-rosas-reci\u00e9n-llegadas-1-copia-BAJA2-291x300.jpg 291w, https:\/\/www.blogdelflorista.es\/wp-content\/uploads\/2015\/05\/SAM_6779-preparaci\u00f3n-rosas-reci\u00e9n-llegadas-1-copia-BAJA2-994x1024.jpg 994w\" sizes=\"(max-width: 291px) 100vw, 291px\" \/><\/a>\n\t\t\t<\/div><\/figure><figure class='gallery-item'>\n\t\t\t<div class='gallery-icon portrait'>\n\t\t\t\t<a href='https:\/\/www.blogdelflorista.es\/index.php\/los-proveedores\/sam_6784-recepcion-flor-holanda-copia-3\/'><img width=\"178\" height=\"300\" src=\"https:\/\/www.blogdelflorista.es\/wp-content\/uploads\/2015\/05\/SAM_6784-recepci\u00f3n-flor-Holanda-COPIA2-178x300.jpg\" class=\"attachment-medium size-medium\" alt=\"\" loading=\"lazy\" srcset=\"https:\/\/www.blogdelflorista.es\/wp-content\/uploads\/2015\/05\/SAM_6784-recepci\u00f3n-flor-Holanda-COPIA2-178x300.jpg 178w, https:\/\/www.blogdelflorista.es\/wp-content\/uploads\/2015\/05\/SAM_6784-recepci\u00f3n-flor-Holanda-COPIA2-607x1024.jpg 607w, https:\/\/www.blogdelflorista.es\/wp-content\/uploads\/2015\/05\/SAM_6784-recepci\u00f3n-flor-Holanda-COPIA2.jpg 1000w\" sizes=\"(max-width: 178px) 100vw, 178px\" \/><\/a>\n\t\t\t<\/div><\/figure>\n\t\t<\/div>\n\n<p>Todos conocemos el funcionamiento de las subastas holandesas, cuyos \u2018engranajes\u2019 est\u00e1n perfectamente engrasados. Y tambi\u00e9n c\u00f3mo cuidan la flor en Ecuador o Colombia, incluyendo su r\u00e1pido env\u00edo por avi\u00f3n, desde donde nos llegan esas rosas que tanto sorprenden por su cabeza y su tallo. En ambos casos, la correcta manipulaci\u00f3n y conservaci\u00f3n del producto, el escaso tiempo transcurrido entre el corte y la distribuci\u00f3n, el mantenimiento de la cadena del fr\u00edo y el uso de agua y conservante en todo el proceso consiguen un producto de la m\u00e1xima duraci\u00f3n.<\/p>\n<p>La misma calidad y duraci\u00f3n que tiene la flor nacional de los productores que hemos seleccionado para Vd.<\/p>\n<div id='gallery-2' class='gallery galleryid-28 gallery-columns-2 gallery-size-medium'><figure class='gallery-item'>\n\t\t\t<div class='gallery-icon landscape'>\n\t\t\t\t<a href='https:\/\/www.blogdelflorista.es\/index.php\/los-proveedores\/img_2241-ok-si-recepcion-flor-nacional-copia-2-baja-2\/'><img width=\"300\" height=\"200\" src=\"https:\/\/www.blogdelflorista.es\/wp-content\/uploads\/2015\/05\/IMG_2241-OK-s\u00ed-recepci\u00f3n-flor-nacional-copia-2-BAJA1-300x200.jpg\" class=\"attachment-medium size-medium\" alt=\"\" loading=\"lazy\" srcset=\"https:\/\/www.blogdelflorista.es\/wp-content\/uploads\/2015\/05\/IMG_2241-OK-s\u00ed-recepci\u00f3n-flor-nacional-copia-2-BAJA1-300x200.jpg 300w, https:\/\/www.blogdelflorista.es\/wp-content\/uploads\/2015\/05\/IMG_2241-OK-s\u00ed-recepci\u00f3n-flor-nacional-copia-2-BAJA1-1024x683.jpg 1024w\" sizes=\"(max-width: 300px) 100vw, 300px\" \/><\/a>\n\t\t\t<\/div><\/figure><figure class='gallery-item'>\n\t\t\t<div class='gallery-icon landscape'>\n\t\t\t\t<a href='https:\/\/www.blogdelflorista.es\/index.php\/los-proveedores\/sam_6774-recepcion-clavel-nacional-copia-baja-3\/'><img width=\"300\" height=\"208\" src=\"https:\/\/www.blogdelflorista.es\/wp-content\/uploads\/2015\/05\/SAM_6774-recepci\u00f3n-clavel-nacional-copia-BAJA2-300x208.jpg\" class=\"attachment-medium size-medium\" alt=\"\" loading=\"lazy\" srcset=\"https:\/\/www.blogdelflorista.es\/wp-content\/uploads\/2015\/05\/SAM_6774-recepci\u00f3n-clavel-nacional-copia-BAJA2-300x208.jpg 300w, https:\/\/www.blogdelflorista.es\/wp-content\/uploads\/2015\/05\/SAM_6774-recepci\u00f3n-clavel-nacional-copia-BAJA2-1024x711.jpg 1024w\" sizes=\"(max-width: 300px) 100vw, 300px\" \/><\/a>\n\t\t\t<\/div><\/figure>\n\t\t<\/div>\n\n<p>Tambi\u00e9n las plantas son seleccionadas con especial inter\u00e9s, por ello trabajamos con los mejores productores nacionales y compramos directamente en subastas en Holanda, sin intermediarios.<\/p>\n<div id='gallery-3' class='gallery galleryid-28 gallery-columns-2 gallery-size-medium'><figure class='gallery-item'>\n\t\t\t<div class='gallery-icon landscape'>\n\t\t\t\t<a href='https:\/\/www.blogdelflorista.es\/index.php\/los-proveedores\/img_5865-baja\/'><img width=\"300\" height=\"200\" src=\"https:\/\/www.blogdelflorista.es\/wp-content\/uploads\/2015\/05\/IMG_5865-BAJA-300x200.jpg\" class=\"attachment-medium size-medium\" alt=\"\" loading=\"lazy\" srcset=\"https:\/\/www.blogdelflorista.es\/wp-content\/uploads\/2015\/05\/IMG_5865-BAJA-300x200.jpg 300w, https:\/\/www.blogdelflorista.es\/wp-content\/uploads\/2015\/05\/IMG_5865-BAJA-768x512.jpg 768w, https:\/\/www.blogdelflorista.es\/wp-content\/uploads\/2015\/05\/IMG_5865-BAJA-1024x683.jpg 1024w, https:\/\/www.blogdelflorista.es\/wp-content\/uploads\/2015\/05\/IMG_5865-BAJA.jpg 1296w\" sizes=\"(max-width: 300px) 100vw, 300px\" \/><\/a>\n\t\t\t<\/div><\/figure><figure class='gallery-item'>\n\t\t\t<div class='gallery-icon landscape'>\n\t\t\t\t<a href='https:\/\/www.blogdelflorista.es\/index.php\/los-proveedores\/baja-kentia-nac-img_8675\/'><img width=\"300\" height=\"192\" src=\"https:\/\/www.blogdelflorista.es\/wp-content\/uploads\/2015\/05\/baja-Kentia-Nac.-IMG_8675-300x192.jpg\" class=\"attachment-medium size-medium\" alt=\"\" loading=\"lazy\" srcset=\"https:\/\/www.blogdelflorista.es\/wp-content\/uploads\/2015\/05\/baja-Kentia-Nac.-IMG_8675-300x192.jpg 300w, https:\/\/www.blogdelflorista.es\/wp-content\/uploads\/2015\/05\/baja-Kentia-Nac.-IMG_8675-768x492.jpg 768w, https:\/\/www.blogdelflorista.es\/wp-content\/uploads\/2015\/05\/baja-Kentia-Nac.-IMG_8675-1024x657.jpg 1024w, https:\/\/www.blogdelflorista.es\/wp-content\/uploads\/2015\/05\/baja-Kentia-Nac.-IMG_8675.jpg 1232w\" sizes=\"(max-width: 300px) 100vw, 300px\" \/><\/a>\n\t\t\t<\/div><\/figure>\n\t\t<\/div>\n\n<p>En el cap\u00edtulo de complementos, hemos apostado por la marca Oasis, de la que somos distribuidores para toda Espa\u00f1a. En nuestra web puedes encontrar todos los art\u00edculos que esta empresa distribuye en nuestro pa\u00eds; y, si no encuentras alguno, no dudes llamarnos al 962241772 y en breves d\u00edas te lo conseguimos.<\/p>\n<div id='gallery-4' class='gallery galleryid-28 gallery-columns-2 gallery-size-medium'><figure class='gallery-item'>\n\t\t\t<div class='gallery-icon landscape'>\n\t\t\t\t<a href='https:\/\/www.blogdelflorista.es\/index.php\/los-proveedores\/baja-recort-img_7450\/'><img width=\"300\" height=\"200\" src=\"https:\/\/www.blogdelflorista.es\/wp-content\/uploads\/2015\/05\/baja-recort-IMG_7450-300x200.jpg\" class=\"attachment-medium size-medium\" alt=\"\" loading=\"lazy\" aria-describedby=\"gallery-4-1687\" srcset=\"https:\/\/www.blogdelflorista.es\/wp-content\/uploads\/2015\/05\/baja-recort-IMG_7450-300x200.jpg 300w, https:\/\/www.blogdelflorista.es\/wp-content\/uploads\/2015\/05\/baja-recort-IMG_7450-768x512.jpg 768w, https:\/\/www.blogdelflorista.es\/wp-content\/uploads\/2015\/05\/baja-recort-IMG_7450-1024x683.jpg 1024w, https:\/\/www.blogdelflorista.es\/wp-content\/uploads\/2015\/05\/baja-recort-IMG_7450.jpg 1296w\" sizes=\"(max-width: 300px) 100vw, 300px\" \/><\/a>\n\t\t\t<\/div>\n\t\t\t\t<figcaption class='wp-caption-text gallery-caption' id='gallery-4-1687'>\n\t\t\t\tExposici\u00f3n productos Oasis\n\t\t\t\t<\/figcaption><\/figure><figure class='gallery-item'>\n\t\t\t<div class='gallery-icon landscape'>\n\t\t\t\t<a href='https:\/\/www.blogdelflorista.es\/index.php\/los-proveedores\/img_4081-baja\/'><img width=\"300\" height=\"200\" src=\"https:\/\/www.blogdelflorista.es\/wp-content\/uploads\/2015\/05\/IMG_4081-BAJA-300x200.jpg\" class=\"attachment-medium size-medium\" alt=\"\" loading=\"lazy\" aria-describedby=\"gallery-4-1688\" srcset=\"https:\/\/www.blogdelflorista.es\/wp-content\/uploads\/2015\/05\/IMG_4081-BAJA-300x200.jpg 300w, https:\/\/www.blogdelflorista.es\/wp-content\/uploads\/2015\/05\/IMG_4081-BAJA-768x512.jpg 768w, https:\/\/www.blogdelflorista.es\/wp-content\/uploads\/2015\/05\/IMG_4081-BAJA-1024x682.jpg 1024w, https:\/\/www.blogdelflorista.es\/wp-content\/uploads\/2015\/05\/IMG_4081-BAJA.jpg 1556w\" sizes=\"(max-width: 300px) 100vw, 300px\" \/><\/a>\n\t\t\t<\/div>\n\t\t\t\t<figcaption class='wp-caption-text gallery-caption' id='gallery-4-1688'>\n\t\t\t\tStock de esponja floral y otros productos Oasis\n\t\t\t\t<\/figcaption><\/figure>\n\t\t<\/div>\n\n","protected":false},"excerpt":{"rendered":"<p>&nbsp; En Flores El Cal\u00e9 compramos flores y verdes de la mejor calidad. Es la premisa para conseguir la m\u00e1xima duraci\u00f3n y que la flor evolucione proporcionando la mayor satisfacci\u00f3n a todos los componentes de la cadena, incluido el consumidor final. En el inicio del proceso, apostamos por los mejores productores, que cortan la flor &hellip; <a href=\"https:\/\/www.blogdelflorista.es\/index.php\/los-proveedores\/\" class=\"more-link\">Seguir leyendo <span class=\"screen-reader-text\">Los proveedores<\/span> <span class=\"meta-nav\">&rarr;<\/span><\/a><\/p>\n","protected":false},"author":1,"featured_media":0,"parent":0,"menu_order":0,"comment_status":"open","ping_status":"closed","template":"","meta":{"_mi_skip_tracking":false},"_links":{"self":[{"href":"https:\/\/www.blogdelflorista.es\/index.php\/wp-json\/wp\/v2\/pages\/28"}],"collection":[{"href":"https:\/\/www.blogdelflorista.es\/index.php\/wp-json\/wp\/v2\/pages"}],"about":[{"href":"https:\/\/www.blogdelflorista.es\/index.php\/wp-json\/wp\/v2\/types\/page"}],"author":[{"embeddable":true,"href":"https:\/\/www.blogdelflorista.es\/index.php\/wp-json\/wp\/v2\/users\/1"}],"replies":[{"embeddable":true,"href":"https:\/\/www.blogdelflorista.es\/index.php\/wp-json\/wp\/v2\/comments?post=28"}],"version-history":[{"count":24,"href":"https:\/\/www.blogdelflorista.es\/index.php\/wp-json\/wp\/v2\/pages\/28\/revisions"}],"predecessor-version":[{"id":1691,"href":"https:\/\/www.blogdelflorista.es\/index.php\/wp-json\/wp\/v2\/pages\/28\/revisions\/1691"}],"wp:attachment":[{"href":"https:\/\/www.blogdelflorista.es\/index.php\/wp-json\/wp\/v2\/media?parent=28"}],"curies":[{"name":"wp","href":"https:\/\/api.w.org\/{rel}","templated":true}]}}