{"id":3038,"date":"2020-02-06T12:45:16","date_gmt":"2020-02-06T12:45:16","guid":{"rendered":"http:\/\/www.blogdelflorista.es\/?page_id=3038"},"modified":"2020-02-06T17:29:01","modified_gmt":"2020-02-06T17:29:01","slug":"elementor-3038","status":"publish","type":"page","link":"https:\/\/www.blogdelflorista.es\/index.php\/elementor-3038\/","title":{"rendered":""},"content":{"rendered":"\t\t<div data-elementor-type=\"wp-page\" data-elementor-id=\"3038\" class=\"elementor elementor-3038\" data-elementor-settings=\"[]\">\n\t\t\t\t\t\t<div class=\"elementor-inner\">\n\t\t\t\t\t\t\t<div class=\"elementor-section-wrap\">\n\t\t\t\t\t\t\t<section class=\"elementor-section elementor-top-section elementor-element elementor-element-928a9f8 elementor-section-boxed elementor-section-height-default elementor-section-height-default\" data-id=\"928a9f8\" data-element_type=\"section\">\n\t\t\t\t\t\t<div class=\"elementor-container elementor-column-gap-default\">\n\t\t\t\t\t\t\t<div class=\"elementor-row\">\n\t\t\t\t\t<div class=\"elementor-column elementor-col-100 elementor-top-column elementor-element elementor-element-765a03b\" data-id=\"765a03b\" data-element_type=\"column\">\n\t\t\t<div class=\"elementor-column-wrap elementor-element-populated\">\n\t\t\t\t\t\t\t<div class=\"elementor-widget-wrap\">\n\t\t\t\t\t\t<div class=\"elementor-element elementor-element-91cc7ee elementor-widget elementor-widget-heading\" data-id=\"91cc7ee\" data-element_type=\"widget\" data-widget_type=\"heading.default\">\n\t\t\t\t<div class=\"elementor-widget-container\">\n\t\t\t<h2 class=\"elementor-heading-title elementor-size-default\">APRENDE A VENDER POR INTERNET<\/h2>\t\t<\/div>\n\t\t\t\t<\/div>\n\t\t\t\t\t\t<\/div>\n\t\t\t\t\t<\/div>\n\t\t<\/div>\n\t\t\t\t\t\t\t\t<\/div>\n\t\t\t\t\t<\/div>\n\t\t<\/section>\n\t\t\t\t<section class=\"elementor-section elementor-top-section elementor-element elementor-element-66e00b7 elementor-section-boxed elementor-section-height-default elementor-section-height-default\" data-id=\"66e00b7\" data-element_type=\"section\">\n\t\t\t\t\t\t<div class=\"elementor-container elementor-column-gap-default\">\n\t\t\t\t\t\t\t<div class=\"elementor-row\">\n\t\t\t\t\t<div class=\"elementor-column elementor-col-100 elementor-top-column elementor-element elementor-element-2345071\" data-id=\"2345071\" data-element_type=\"column\">\n\t\t\t<div class=\"elementor-column-wrap elementor-element-populated\">\n\t\t\t\t\t\t\t<div class=\"elementor-widget-wrap\">\n\t\t\t\t\t\t<div class=\"elementor-element elementor-element-2e06b4d elementor-widget elementor-widget-text-editor\" data-id=\"2e06b4d\" data-element_type=\"widget\" data-widget_type=\"text-editor.default\">\n\t\t\t\t<div class=\"elementor-widget-container\">\n\t\t\t\t\t<div class=\"elementor-text-editor elementor-clearfix\"><p>Flores el Cal\u00e9 en colaboraci\u00f3n con Marketing Floristas, organiza el pr\u00f3ximo d\u00eda 19 un Taller sobre la Digitalizaci\u00f3n de las ventas en vuestra florister\u00eda.\u00a0<\/p><p>Se trata de una gu\u00eda para competir y estar presente en el mundo digital, tanto p\u00e1ginas web, tiendas \u00bb on line\u00bb, redes sociales, etc\u2026, de forma que dotemos a nuestros negocios de las herramientas y conocimientos necesarios para estar presentes, competir y tener \u00e9xito en los nuevos y futuros mercados que afectan a nuestros negocios.<\/p><p>El taller titulado \u00abAprende a Vender por Internet\u00bb, es una nueva apuesta creada por Flores el Cal\u00e9 para ofrecer a sus clientes una herramienta nueva de venta que les permita tener \u00e9xito y crecer en ventas en el \u00e1rea digital.<\/p><p>El Taller estar\u00e1 impartido por Teresa Llin\u00e1s, Responsable de la empresa Marketing Floristas. Teresa es una gran profesional de reconocido prestigio que nos guiar\u00e1 y aconsejar\u00e1 acerca de las nuevas herramientas y c\u00f3mo usarlas para alcanzar nuestros objetivos de crecimiento y ventas en estos mercados..<\/p><p>El taller tendr\u00e1 lugar en el Sal\u00f3n de Actos de Mercaflor en MercaValencia.\u00a0<\/p><p>La fecha elegida es el 19 de Febrero, su duraci\u00f3n ser\u00e1 de unas 3 horas, con una pausa de media hora para tomar caf\u00e9.<\/p><p>Ser\u00e1 un Taller totalmente gratuito organizado por EL CALE, que esperamos sea de vuestro inter\u00e9s y os ayude en vuestros negocios. Por tratarse de plazas limitadas os rogamos confirm\u00e9is vuestra asistencia lo antes posible en:.. Esperamos veros ese d\u00eda . Hasta Pronto\u2026\u2026<\/p><\/div>\n\t\t\t\t<\/div>\n\t\t\t\t<\/div>\n\t\t\t\t\t\t<\/div>\n\t\t\t\t\t<\/div>\n\t\t<\/div>\n\t\t\t\t\t\t\t\t<\/div>\n\t\t\t\t\t<\/div>\n\t\t<\/section>\n\t\t\t\t<section class=\"elementor-section elementor-top-section elementor-element elementor-element-6f83cac elementor-section-boxed elementor-section-height-default elementor-section-height-default\" data-id=\"6f83cac\" data-element_type=\"section\">\n\t\t\t\t\t\t<div class=\"elementor-container elementor-column-gap-default\">\n\t\t\t\t\t\t\t<div class=\"elementor-row\">\n\t\t\t\t\t<div class=\"elementor-column elementor-col-100 elementor-top-column elementor-element elementor-element-1b1bf0b\" data-id=\"1b1bf0b\" data-element_type=\"column\">\n\t\t\t<div class=\"elementor-column-wrap elementor-element-populated\">\n\t\t\t\t\t\t\t<div class=\"elementor-widget-wrap\">\n\t\t\t\t\t\t<div class=\"elementor-element elementor-element-c391216 elementor-widget elementor-widget-image\" data-id=\"c391216\" data-element_type=\"widget\" data-widget_type=\"image.default\">\n\t\t\t\t<div class=\"elementor-widget-container\">\n\t\t\t\t\t<div class=\"elementor-image\">\n\t\t\t\t\t\t\t\t\t\t<img width=\"474\" height=\"335\" src=\"https:\/\/www.blogdelflorista.es\/wp-content\/uploads\/2020\/01\/CartelPonenciaTeresa_FinalWeb-1024x724.jpg\" class=\"attachment-large size-large\" alt=\"\" loading=\"lazy\" srcset=\"https:\/\/www.blogdelflorista.es\/wp-content\/uploads\/2020\/01\/CartelPonenciaTeresa_FinalWeb-1024x724.jpg 1024w, https:\/\/www.blogdelflorista.es\/wp-content\/uploads\/2020\/01\/CartelPonenciaTeresa_FinalWeb-300x212.jpg 300w, https:\/\/www.blogdelflorista.es\/wp-content\/uploads\/2020\/01\/CartelPonenciaTeresa_FinalWeb-768x543.jpg 768w, https:\/\/www.blogdelflorista.es\/wp-content\/uploads\/2020\/01\/CartelPonenciaTeresa_FinalWeb.jpg 1169w\" sizes=\"(max-width: 474px) 100vw, 474px\" \/>\t\t\t\t\t\t\t\t\t\t\t<\/div>\n\t\t\t\t<\/div>\n\t\t\t\t<\/div>\n\t\t\t\t\t\t<\/div>\n\t\t\t\t\t<\/div>\n\t\t<\/div>\n\t\t\t\t\t\t\t\t<\/div>\n\t\t\t\t\t<\/div>\n\t\t<\/section>\n\t\t\t\t\t\t<\/div>\n\t\t\t\t\t\t<\/div>\n\t\t\t\t\t<\/div>\n\t\t","protected":false},"excerpt":{"rendered":"<p>APRENDE A VENDER POR INTERNET Flores el Cal\u00e9 en colaboraci\u00f3n con Marketing Floristas, organiza el pr\u00f3ximo d\u00eda 19 un Taller sobre la Digitalizaci\u00f3n de las ventas en vuestra florister\u00eda.&nbsp; Se trata de una gu\u00eda para competir y estar presente en el mundo digital, tanto p\u00e1ginas web, tiendas \u00bb on line\u00bb, redes sociales, etc\u2026, de forma &hellip; <a href=\"https:\/\/www.blogdelflorista.es\/index.php\/elementor-3038\/\" class=\"more-link\">Seguir leyendo <span class=\"screen-reader-text\"><\/span> <span class=\"meta-nav\">&rarr;<\/span><\/a><\/p>\n","protected":false},"author":1,"featured_media":0,"parent":0,"menu_order":0,"comment_status":"closed","ping_status":"closed","template":"","meta":{"_mi_skip_tracking":false},"_links":{"self":[{"href":"https:\/\/www.blogdelflorista.es\/index.php\/wp-json\/wp\/v2\/pages\/3038"}],"collection":[{"href":"https:\/\/www.blogdelflorista.es\/index.php\/wp-json\/wp\/v2\/pages"}],"about":[{"href":"https:\/\/www.blogdelflorista.es\/index.php\/wp-json\/wp\/v2\/types\/page"}],"author":[{"embeddable":true,"href":"https:\/\/www.blogdelflorista.es\/index.php\/wp-json\/wp\/v2\/users\/1"}],"replies":[{"embeddable":true,"href":"https:\/\/www.blogdelflorista.es\/index.php\/wp-json\/wp\/v2\/comments?post=3038"}],"version-history":[{"count":9,"href":"https:\/\/www.blogdelflorista.es\/index.php\/wp-json\/wp\/v2\/pages\/3038\/revisions"}],"predecessor-version":[{"id":3072,"href":"https:\/\/www.blogdelflorista.es\/index.php\/wp-json\/wp\/v2\/pages\/3038\/revisions\/3072"}],"wp:attachment":[{"href":"https:\/\/www.blogdelflorista.es\/index.php\/wp-json\/wp\/v2\/media?parent=3038"}],"curies":[{"name":"wp","href":"https:\/\/api.w.org\/{rel}","templated":true}]}}