{"id":310,"date":"2015-07-08T11:17:38","date_gmt":"2015-07-08T11:17:38","guid":{"rendered":"http:\/\/www.blogdelflorista.es\/?page_id=310"},"modified":"2017-07-06T10:31:28","modified_gmt":"2017-07-06T10:31:28","slug":"el-cale-en-la-prensa","status":"publish","type":"page","link":"https:\/\/www.blogdelflorista.es\/index.php\/el-cale-en-la-prensa\/","title":{"rendered":"El Cal\u00e9 en la prensa"},"content":{"rendered":"<p>Relaci\u00f3n de noticias &#8211; reportajes sobre Flores El Cal\u00e9 publicados en los medios de comunicaci\u00f3n<\/p>\n","protected":false},"excerpt":{"rendered":"<p>Relaci\u00f3n de noticias &#8211; reportajes sobre Flores El Cal\u00e9 publicados en los medios de comunicaci\u00f3n<\/p>\n","protected":false},"author":1,"featured_media":0,"parent":0,"menu_order":0,"comment_status":"open","ping_status":"closed","template":"","meta":{"_mi_skip_tracking":false},"_links":{"self":[{"href":"https:\/\/www.blogdelflorista.es\/index.php\/wp-json\/wp\/v2\/pages\/310"}],"collection":[{"href":"https:\/\/www.blogdelflorista.es\/index.php\/wp-json\/wp\/v2\/pages"}],"about":[{"href":"https:\/\/www.blogdelflorista.es\/index.php\/wp-json\/wp\/v2\/types\/page"}],"author":[{"embeddable":true,"href":"https:\/\/www.blogdelflorista.es\/index.php\/wp-json\/wp\/v2\/users\/1"}],"replies":[{"embeddable":true,"href":"https:\/\/www.blogdelflorista.es\/index.php\/wp-json\/wp\/v2\/comments?post=310"}],"version-history":[{"count":5,"href":"https:\/\/www.blogdelflorista.es\/index.php\/wp-json\/wp\/v2\/pages\/310\/revisions"}],"predecessor-version":[{"id":1642,"href":"https:\/\/www.blogdelflorista.es\/index.php\/wp-json\/wp\/v2\/pages\/310\/revisions\/1642"}],"wp:attachment":[{"href":"https:\/\/www.blogdelflorista.es\/index.php\/wp-json\/wp\/v2\/media?parent=310"}],"curies":[{"name":"wp","href":"https:\/\/api.w.org\/{rel}","templated":true}]}}