{"id":33,"date":"2015-05-11T13:13:32","date_gmt":"2015-05-11T13:13:32","guid":{"rendered":"http:\/\/www.blogdelflorista.es\/?page_id=33"},"modified":"2015-05-19T17:42:09","modified_gmt":"2015-05-19T17:42:09","slug":"maxima-calidad","status":"publish","type":"page","link":"https:\/\/www.blogdelflorista.es\/index.php\/maxima-calidad\/","title":{"rendered":"M\u00e1xima calidad"},"content":{"rendered":"<div id='gallery-1' class='gallery galleryid-33 gallery-columns-3 gallery-size-thumbnail'><figure class='gallery-item'>\n\t\t\t<div class='gallery-icon landscape'>\n\t\t\t\t<a href='https:\/\/www.blogdelflorista.es\/index.php\/maxima-calidad\/sam_6781-preparacion-rosas-recien-llegadas-2\/'><img width=\"150\" height=\"150\" src=\"https:\/\/www.blogdelflorista.es\/wp-content\/uploads\/2015\/05\/SAM_6781-preparaci\u00f3n-rosas-reci\u00e9n-llegadas-2-150x150.jpg\" class=\"attachment-thumbnail size-thumbnail\" alt=\"\" loading=\"lazy\" \/><\/a>\n\t\t\t<\/div><\/figure><figure class='gallery-item'>\n\t\t\t<div class='gallery-icon landscape'>\n\t\t\t\t<a href='https:\/\/www.blogdelflorista.es\/index.php\/maxima-calidad\/sam_6778-anthurium-recien-llegado\/'><img width=\"150\" height=\"150\" src=\"https:\/\/www.blogdelflorista.es\/wp-content\/uploads\/2015\/05\/SAM_6778-Anthurium-reci\u00e9n-llegado-150x150.jpg\" class=\"attachment-thumbnail size-thumbnail\" alt=\"\" loading=\"lazy\" \/><\/a>\n\t\t\t<\/div><\/figure><figure class='gallery-item'>\n\t\t\t<div class='gallery-icon landscape'>\n\t\t\t\t<a href='https:\/\/www.blogdelflorista.es\/index.php\/maxima-calidad\/sam_6783-preparacion-rosas-recien-llegadas-3\/'><img width=\"150\" height=\"150\" src=\"https:\/\/www.blogdelflorista.es\/wp-content\/uploads\/2015\/05\/SAM_6783-preparaci\u00f3n-rosas-reci\u00e9n-llegadas-3-150x150.jpg\" class=\"attachment-thumbnail size-thumbnail\" alt=\"\" loading=\"lazy\" \/><\/a>\n\t\t\t<\/div><\/figure>\n\t\t<\/div>\n\n<p>Somos exigentes con nuestros proveedores, porque as\u00ed lo somos -si cabe a\u00fan m\u00e1s- con nosotros mismos.<\/p>\n<p>Desde que recibimos la flor, en Flores El Cal\u00e9 trabajamos para conseguir su m\u00e1xima duraci\u00f3n para que llegue en el mejor estado al cliente.<\/p>\n<p>Las flores llegan a nuestras instalaciones, unas veces en camiones con carros que las transportan en cubos con agua y conservante, otras en camiones que lo hacen en cajas,\u2026, siempre refrigeradas para mantener la cadena del fr\u00edo.<\/p>\n<p>Durante la recepci\u00f3n de la flor, se procede al control de cantidades y calidades, para ver que todo est\u00e1 correcto. Y la flor es llevada r\u00e1pidamente a la prec\u00e1mara (con una temperatura de 12\u00baC a 14\u00baC); aqu\u00ed se procede a su limpieza, corte de tallos, manipulado,\u2026; finalmente la flor se pone en cubos con agua y conservante.<\/p>\n<p>Despu\u00e9s, entrar\u00e1 en la c\u00e1mara (con una temperatura entre 3\u00baC y 5\u00baC), donde se conservar\u00e1 en las mejores condiciones hasta la preparaci\u00f3n de los pedidos.<\/p>\n<div id='gallery-2' class='gallery galleryid-33 gallery-columns-2 gallery-size-medium'><figure class='gallery-item'>\n\t\t\t<div class='gallery-icon landscape'>\n\t\t\t\t<a href='https:\/\/www.blogdelflorista.es\/index.php\/maxima-calidad\/img_2281-ok-si-preparacion-pedidos-copia-baja\/'><img width=\"300\" height=\"200\" src=\"https:\/\/www.blogdelflorista.es\/wp-content\/uploads\/2015\/05\/IMG_2281-OK-s\u00ed-preparaci\u00f3n-pedidos-copia-BAJA-300x200.jpg\" class=\"attachment-medium size-medium\" alt=\"\" loading=\"lazy\" srcset=\"https:\/\/www.blogdelflorista.es\/wp-content\/uploads\/2015\/05\/IMG_2281-OK-s\u00ed-preparaci\u00f3n-pedidos-copia-BAJA-300x200.jpg 300w, https:\/\/www.blogdelflorista.es\/wp-content\/uploads\/2015\/05\/IMG_2281-OK-s\u00ed-preparaci\u00f3n-pedidos-copia-BAJA-1024x682.jpg 1024w\" sizes=\"(max-width: 300px) 100vw, 300px\" \/><\/a>\n\t\t\t<\/div><\/figure><figure class='gallery-item'>\n\t\t\t<div class='gallery-icon landscape'>\n\t\t\t\t<a href='https:\/\/www.blogdelflorista.es\/index.php\/maxima-calidad\/img_2256-ok-si-repaso-pedidos-2\/'><img width=\"300\" height=\"200\" src=\"https:\/\/www.blogdelflorista.es\/wp-content\/uploads\/2015\/05\/IMG_2256-OK-s\u00ed-repaso-pedidos1-300x200.jpg\" class=\"attachment-medium size-medium\" alt=\"\" loading=\"lazy\" srcset=\"https:\/\/www.blogdelflorista.es\/wp-content\/uploads\/2015\/05\/IMG_2256-OK-s\u00ed-repaso-pedidos1-300x200.jpg 300w, https:\/\/www.blogdelflorista.es\/wp-content\/uploads\/2015\/05\/IMG_2256-OK-s\u00ed-repaso-pedidos1-1024x683.jpg 1024w\" sizes=\"(max-width: 300px) 100vw, 300px\" \/><\/a>\n\t\t\t<\/div><\/figure>\n\t\t<\/div>\n\n<p>El mismo d\u00eda en que van a ser enviados, los pedidos se preparan en la c\u00e1mara, siguiendo exactamente las instrucciones de cada cliente. Y de all\u00ed pasan a la prec\u00e1mara, donde se realiza un segundo control para asegurar que las cantidades son correctas y que no haya ninguna anomal\u00eda; y en ese mismo lugar se procede a su embalado.<\/p>\n<div id='gallery-3' class='gallery galleryid-33 gallery-columns-2 gallery-size-medium'><figure class='gallery-item'>\n\t\t\t<div class='gallery-icon landscape'>\n\t\t\t\t<a href='https:\/\/www.blogdelflorista.es\/index.php\/maxima-calidad\/img_2307-ok-si\/'><img width=\"300\" height=\"200\" src=\"https:\/\/www.blogdelflorista.es\/wp-content\/uploads\/2015\/05\/IMG_2307-OK-s\u00ed-300x200.jpg\" class=\"attachment-medium size-medium\" alt=\"\" loading=\"lazy\" srcset=\"https:\/\/www.blogdelflorista.es\/wp-content\/uploads\/2015\/05\/IMG_2307-OK-s\u00ed-300x200.jpg 300w, https:\/\/www.blogdelflorista.es\/wp-content\/uploads\/2015\/05\/IMG_2307-OK-s\u00ed-1024x683.jpg 1024w\" sizes=\"(max-width: 300px) 100vw, 300px\" \/><\/a>\n\t\t\t<\/div><\/figure><figure class='gallery-item'>\n\t\t\t<div class='gallery-icon landscape'>\n\t\t\t\t<a href='https:\/\/www.blogdelflorista.es\/index.php\/maxima-calidad\/img_2310-ok-si\/'><img width=\"300\" height=\"200\" src=\"https:\/\/www.blogdelflorista.es\/wp-content\/uploads\/2015\/05\/IMG_2310-OK-s\u00ed-300x200.jpg\" class=\"attachment-medium size-medium\" alt=\"\" loading=\"lazy\" srcset=\"https:\/\/www.blogdelflorista.es\/wp-content\/uploads\/2015\/05\/IMG_2310-OK-s\u00ed-300x200.jpg 300w, https:\/\/www.blogdelflorista.es\/wp-content\/uploads\/2015\/05\/IMG_2310-OK-s\u00ed-1024x683.jpg 1024w\" sizes=\"(max-width: 300px) 100vw, 300px\" \/><\/a>\n\t\t\t<\/div><\/figure>\n\t\t<\/div>\n\n<p>Un aspecto al que se presta gran atenci\u00f3n es la preparaci\u00f3n de las cajas \u2013 embalado, para su posterior env\u00edo. Tratamos la flor con sumo cuidado y protegida por papeles, cartones,\u2026 para evitar que se produzca cualquier da\u00f1o durante el transporte. Hay que pensar que la imagen que recibe el cliente al abrir su caja es la imagen misma de Flores El Cal\u00e9. Por ello, no escatimamos esfuerzos a la hora de preparar las cajas que, una vez preparadas, permanecen en esta prec\u00e1mara hasta que la agencia de transporte pasa a recogerlas. Al d\u00eda siguiente, los pedidos llegar\u00e1n a casa del cliente.<\/p>\n<p>Tambi\u00e9n se presta especial atenci\u00f3n a la flor que viaja en veh\u00edculos de Flores El Cal\u00e9, para atender pedido realizados por clientes de las distintas rutas semanales. Como se hace con la que se comercializa desde el almac\u00e9n que la empresa dispone en Mercaflor \u2013 Mercavalencia, donde el cliente tambi\u00e9n puede recoger los pedidos realizados con antelaci\u00f3n, si as\u00ed lo desea.<\/p>\n<p>&nbsp;<\/p>\n","protected":false},"excerpt":{"rendered":"<p>Somos exigentes con nuestros proveedores, porque as\u00ed lo somos -si cabe a\u00fan m\u00e1s- con nosotros mismos. Desde que recibimos la flor, en Flores El Cal\u00e9 trabajamos para conseguir su m\u00e1xima duraci\u00f3n para que llegue en el mejor estado al cliente. Las flores llegan a nuestras instalaciones, unas veces en camiones con carros que las transportan &hellip; <a href=\"https:\/\/www.blogdelflorista.es\/index.php\/maxima-calidad\/\" class=\"more-link\">Seguir leyendo <span class=\"screen-reader-text\">M\u00e1xima calidad<\/span> <span class=\"meta-nav\">&rarr;<\/span><\/a><\/p>\n","protected":false},"author":1,"featured_media":0,"parent":0,"menu_order":0,"comment_status":"open","ping_status":"closed","template":"","meta":{"_mi_skip_tracking":false},"_links":{"self":[{"href":"https:\/\/www.blogdelflorista.es\/index.php\/wp-json\/wp\/v2\/pages\/33"}],"collection":[{"href":"https:\/\/www.blogdelflorista.es\/index.php\/wp-json\/wp\/v2\/pages"}],"about":[{"href":"https:\/\/www.blogdelflorista.es\/index.php\/wp-json\/wp\/v2\/types\/page"}],"author":[{"embeddable":true,"href":"https:\/\/www.blogdelflorista.es\/index.php\/wp-json\/wp\/v2\/users\/1"}],"replies":[{"embeddable":true,"href":"https:\/\/www.blogdelflorista.es\/index.php\/wp-json\/wp\/v2\/comments?post=33"}],"version-history":[{"count":6,"href":"https:\/\/www.blogdelflorista.es\/index.php\/wp-json\/wp\/v2\/pages\/33\/revisions"}],"predecessor-version":[{"id":212,"href":"https:\/\/www.blogdelflorista.es\/index.php\/wp-json\/wp\/v2\/pages\/33\/revisions\/212"}],"wp:attachment":[{"href":"https:\/\/www.blogdelflorista.es\/index.php\/wp-json\/wp\/v2\/media?parent=33"}],"curies":[{"name":"wp","href":"https:\/\/api.w.org\/{rel}","templated":true}]}}