{"id":37,"date":"2015-05-11T13:14:45","date_gmt":"2015-05-11T13:14:45","guid":{"rendered":"http:\/\/www.blogdelflorista.es\/?page_id=37"},"modified":"2018-04-14T08:42:37","modified_gmt":"2018-04-14T08:42:37","slug":"consejos-practicos","status":"publish","type":"page","link":"https:\/\/www.blogdelflorista.es\/index.php\/consejos-practicos\/","title":{"rendered":"Consejos pr\u00e1cticos"},"content":{"rendered":"<p>&nbsp;<\/p>\n<p>Si nos permiten, les presentamos unos consejos. No con el prop\u00f3sito de ense\u00f1ar a nadie. Sin duda, aqu\u00e9llos que le\u00e9is este texto, ten\u00e9is sobrada experiencia para darlo por sabido. Pero no est\u00e1 de m\u00e1s dar una serie de pautas, v\u00e1lidas especialmente para aquellos nuevos clientes que empiezan a trabajar la flor cortada \u2013quiz\u00e1 acaban de abrir su negocio\u2013.<\/p>\n<p>Una vez recibidas las cajas con el pedido, basta dedicar unos minutos para asegurar que la flor estar\u00e1 en las mejores condiciones y tendr\u00e1 as\u00ed una mayor duraci\u00f3n.<\/p>\n<p>Tendremos en cuenta los siguientes pasos:<\/p>\n<p>1) Abrir las cajas, comprobar cantidades y calidades;<\/p>\n<p>2) Abrir los paquetes de flor, retirar los cartones (rosas, p.ej.), retirar las bolsas en aquella flor que las llevara;<\/p>\n<p>3) Recortar los tallos, con un corte en bisel;<\/p>\n<p>4) Eliminar las hojas inferiores y aquellas estropeadas;<\/p>\n<p>5) Meter en cubos limpios con agua limpia y conservante para flores;<\/p>\n<p>6) Guardar los cubos en c\u00e1maras o, en su defecto, situar en un lugar fresco de la tienda.<\/p>\n<p>Y, para concluir, unos breves consejos que pueden transmitirse al consumidor final, para que los tenga en cuenta cuando llegue a casa, los siguientes:<\/p>\n<p>1) Recortar los tallos (corte en bisel) y limpiar el exceso de hojas en la parte inferior de los tallos, para evitar que est\u00e9n en contacto con el agua;<\/p>\n<p>2) Entregarle un sobrecito de agua con conservante para flores;<\/p>\n<p>Y \u00a1a disfrutar de un hermoso ramo de flores!<\/p>\n<p>&nbsp;<\/p>\n","protected":false},"excerpt":{"rendered":"<p>&nbsp; Si nos permiten, les presentamos unos consejos. No con el prop\u00f3sito de ense\u00f1ar a nadie. Sin duda, aqu\u00e9llos que le\u00e9is este texto, ten\u00e9is sobrada experiencia para darlo por sabido. Pero no est\u00e1 de m\u00e1s dar una serie de pautas, v\u00e1lidas especialmente para aquellos nuevos clientes que empiezan a trabajar la flor cortada \u2013quiz\u00e1 acaban &hellip; <a href=\"https:\/\/www.blogdelflorista.es\/index.php\/consejos-practicos\/\" class=\"more-link\">Seguir leyendo <span class=\"screen-reader-text\">Consejos pr\u00e1cticos<\/span> <span class=\"meta-nav\">&rarr;<\/span><\/a><\/p>\n","protected":false},"author":1,"featured_media":0,"parent":0,"menu_order":0,"comment_status":"open","ping_status":"closed","template":"","meta":{"_mi_skip_tracking":false},"_links":{"self":[{"href":"https:\/\/www.blogdelflorista.es\/index.php\/wp-json\/wp\/v2\/pages\/37"}],"collection":[{"href":"https:\/\/www.blogdelflorista.es\/index.php\/wp-json\/wp\/v2\/pages"}],"about":[{"href":"https:\/\/www.blogdelflorista.es\/index.php\/wp-json\/wp\/v2\/types\/page"}],"author":[{"embeddable":true,"href":"https:\/\/www.blogdelflorista.es\/index.php\/wp-json\/wp\/v2\/users\/1"}],"replies":[{"embeddable":true,"href":"https:\/\/www.blogdelflorista.es\/index.php\/wp-json\/wp\/v2\/comments?post=37"}],"version-history":[{"count":3,"href":"https:\/\/www.blogdelflorista.es\/index.php\/wp-json\/wp\/v2\/pages\/37\/revisions"}],"predecessor-version":[{"id":2203,"href":"https:\/\/www.blogdelflorista.es\/index.php\/wp-json\/wp\/v2\/pages\/37\/revisions\/2203"}],"wp:attachment":[{"href":"https:\/\/www.blogdelflorista.es\/index.php\/wp-json\/wp\/v2\/media?parent=37"}],"curies":[{"name":"wp","href":"https:\/\/api.w.org\/{rel}","templated":true}]}}