{"id":371,"date":"2015-07-01T17:53:48","date_gmt":"2015-07-01T17:53:48","guid":{"rendered":"http:\/\/www.blogdelflorista.es\/?page_id=371"},"modified":"2017-07-05T16:40:10","modified_gmt":"2017-07-05T16:40:10","slug":"prensa-ano-2016-y-anteriores","status":"publish","type":"page","link":"https:\/\/www.blogdelflorista.es\/index.php\/prensa-ano-2016-y-anteriores\/","title":{"rendered":"Prensa a\u00f1o 2016 y anteriores"},"content":{"rendered":"<p>Relaci\u00f3n de noticias &#8211; reportajes sobre Flores El Cal\u00e9 publicados en los medios de comunicaci\u00f3n en los a\u00f1os 2015 y 2016<\/p>\n","protected":false},"excerpt":{"rendered":"<p>Relaci\u00f3n de noticias &#8211; reportajes sobre Flores El Cal\u00e9 publicados en los medios de comunicaci\u00f3n en los a\u00f1os 2015 y 2016<\/p>\n","protected":false},"author":1,"featured_media":0,"parent":0,"menu_order":0,"comment_status":"open","ping_status":"closed","template":"","meta":{"_mi_skip_tracking":false},"_links":{"self":[{"href":"https:\/\/www.blogdelflorista.es\/index.php\/wp-json\/wp\/v2\/pages\/371"}],"collection":[{"href":"https:\/\/www.blogdelflorista.es\/index.php\/wp-json\/wp\/v2\/pages"}],"about":[{"href":"https:\/\/www.blogdelflorista.es\/index.php\/wp-json\/wp\/v2\/types\/page"}],"author":[{"embeddable":true,"href":"https:\/\/www.blogdelflorista.es\/index.php\/wp-json\/wp\/v2\/users\/1"}],"replies":[{"embeddable":true,"href":"https:\/\/www.blogdelflorista.es\/index.php\/wp-json\/wp\/v2\/comments?post=371"}],"version-history":[{"count":5,"href":"https:\/\/www.blogdelflorista.es\/index.php\/wp-json\/wp\/v2\/pages\/371\/revisions"}],"predecessor-version":[{"id":1609,"href":"https:\/\/www.blogdelflorista.es\/index.php\/wp-json\/wp\/v2\/pages\/371\/revisions\/1609"}],"wp:attachment":[{"href":"https:\/\/www.blogdelflorista.es\/index.php\/wp-json\/wp\/v2\/media?parent=371"}],"curies":[{"name":"wp","href":"https:\/\/api.w.org\/{rel}","templated":true}]}}